{"id":14610,"date":"2024-05-08T10:22:01","date_gmt":"2024-05-08T08:22:01","guid":{"rendered":"https:\/\/doplay.es\/?post_type=product&#038;p=14610"},"modified":"2026-04-27T08:27:43","modified_gmt":"2026-04-27T06:27:43","slug":"reto-robotico-desafio-espacial-y-diseno-de-cohete","status":"publish","type":"product","link":"https:\/\/doplay.es\/eu\/producto\/reto-robotico-desafio-espacial-y-diseno-de-cohete\/","title":{"rendered":"DESAF\u00cdO ROB\u00d3TICO ESPACIAL Y DISE\u00d1O COHETE"},"content":{"rendered":"<div class=\"page\" title=\"Page 1\">\n<div class=\"section\">\n<h4><span style=\"color: #0000ff;\">EL PLAN SEMANAL DEL TALLER ES:<\/span><\/h4>\n<ul>\n<li>9.00-11.00: Proyecto Rob\u00f3tico: Desaf\u00edo Espacial y Dise\u00f1o del Cohete.<\/li>\n<li>11.00-12.00: Hamaiketako y juegos cooperativos en el exterior (cada d\u00eda uno distinto)<\/li>\n<li>12.00-13.30: Proyectos tecnol\u00f3gicos varios<\/li>\n<li>13.30-15.00: Comida y actividades (precio adicional:90 euros). VER ABAJO.<\/li>\n<\/ul>\n<h4><span style=\"color: #ff0000;\">RETO ROB\u00d3TICO: DESAF\u00cdO ESPACIAL<\/span><\/h4>\n<h4 class=\"layoutArea\">Prep\u00e1rate para ir a marte. Idea, dise\u00f1a, construye y programa un robot y sus acoples, brazos y herramientas.<br \/>\nActiva las comunicaciones. Navega a la antena parab\u00f3lica y emp\u00fajala hasta quedar erguida.<br \/>\nReune a tu tripulaci\u00f3n. Navega a la base lunar, recoge a la comandante de vuelo y col\u00f3cala en la base.<br \/>\nLibera al robot MSL. Navega al cr\u00e1ter y libera al robot para que sus seis ruedas vuelvan a la superficie marciana.<br \/>\nLanza el sat\u00e9lite.<br \/>\nConsigue muestras de rocas. Llega a las\u00a0muestras de rocas, recol\u00e9ctalas y devu\u00e9lvelas al \u00e1rea base.<br \/>\nAsegura el suministro de energ\u00eda. Llega a la\u00a0Placa solar\u00a0y girar la manija para desplegarla.<br \/>\nInicia el Lanzamiento. Llega al lugar del lanzamiento y pulsa el bot\u00f3n para lanzar el\u00a0Cohete\u00a0y activar la\u00a0Base de operaciones avanzada en Marte.<\/h4>\n<p>&nbsp;<\/p>\n<h4 class=\"layoutArea\"><img loading=\"lazy\" decoding=\"async\" class=\"alignnone wp-image-14612\" src=\"https:\/\/doplay.es\/wp-content\/uploads\/2024\/05\/EV3-RETO-ESPACIAL.png\" alt=\"\" width=\"468\" height=\"622\" srcset=\"https:\/\/doplay.es\/wp-content\/uploads\/2024\/05\/EV3-RETO-ESPACIAL.png 1702w, https:\/\/doplay.es\/wp-content\/uploads\/2024\/05\/EV3-RETO-ESPACIAL-226x300.png 226w, https:\/\/doplay.es\/wp-content\/uploads\/2024\/05\/EV3-RETO-ESPACIAL-770x1024.png 770w, https:\/\/doplay.es\/wp-content\/uploads\/2024\/05\/EV3-RETO-ESPACIAL-768x1022.png 768w, https:\/\/doplay.es\/wp-content\/uploads\/2024\/05\/EV3-RETO-ESPACIAL-1155x1536.png 1155w, https:\/\/doplay.es\/wp-content\/uploads\/2024\/05\/EV3-RETO-ESPACIAL-1540x2048.png 1540w, https:\/\/doplay.es\/wp-content\/uploads\/2024\/05\/EV3-RETO-ESPACIAL-600x798.png 600w\" sizes=\"auto, (max-width: 468px) 100vw, 468px\" \/><img loading=\"lazy\" decoding=\"async\" class=\"alignnone wp-image-13312\" src=\"https:\/\/doplay.es\/wp-content\/uploads\/2023\/11\/ROBOT-CARTERO.jpg\" alt=\"\" width=\"1058\" height=\"595\" srcset=\"https:\/\/doplay.es\/wp-content\/uploads\/2023\/11\/ROBOT-CARTERO.jpg 1600w, https:\/\/doplay.es\/wp-content\/uploads\/2023\/11\/ROBOT-CARTERO-300x169.jpg 300w, https:\/\/doplay.es\/wp-content\/uploads\/2023\/11\/ROBOT-CARTERO-1024x576.jpg 1024w, https:\/\/doplay.es\/wp-content\/uploads\/2023\/11\/ROBOT-CARTERO-768x432.jpg 768w, https:\/\/doplay.es\/wp-content\/uploads\/2023\/11\/ROBOT-CARTERO-1536x864.jpg 1536w, https:\/\/doplay.es\/wp-content\/uploads\/2023\/11\/ROBOT-CARTERO-270x153.jpg 270w, https:\/\/doplay.es\/wp-content\/uploads\/2023\/11\/ROBOT-CARTERO-600x338.jpg 600w\" sizes=\"auto, (max-width: 1058px) 100vw, 1058px\" \/><\/h4>\n<h4><span style=\"color: #ff0000;\">DISE\u00d1O DE COHETE CON TINKERCAD<\/span><\/h4>\n<h4>Seguimos un Proyecto Educativo llevado a cabo en colaboraci\u00f3n entre ESA (agencia espacial Europea) y la Fundaci\u00f3n Airbus, en cooperaci\u00f3n con TINKERCAD de Autodesk <a href=\"https:\/\/esero.es\/concursos\/moon-camp\/\">MOON CAMP<\/a><\/h4>\n<h4>En base a una serie de figuras b\u00e1sicas (cubo, cilindro, esfera, techo, cono, texto, cu\u00f1a, pir\u00e1mide, media esfera, pol\u00edgono, paraboloide, toroide, tubo, aro,\u2026) parametrizables, realizamos todo tipo de figuras complejas.<br \/>\nFunciones como escalas, alinear, centrar, agrupar, huecos, simetr\u00edas,\u2026 nos ayudan a conseguir los objetivos deseados.<\/h4>\n<h4>Dise\u00f1amos con Tinkercad algunos de los siguientes elementos: un rover, un cohete y una plataforma orbital lunar.<\/h4>\n<h4 class=\"layoutArea\"><img loading=\"lazy\" decoding=\"async\" class=\"alignnone size-full wp-image-14615\" src=\"https:\/\/doplay.es\/wp-content\/uploads\/2024\/05\/Cohete-2.png\" alt=\"\" width=\"1556\" height=\"707\" srcset=\"https:\/\/doplay.es\/wp-content\/uploads\/2024\/05\/Cohete-2.png 1556w, https:\/\/doplay.es\/wp-content\/uploads\/2024\/05\/Cohete-2-300x136.png 300w, https:\/\/doplay.es\/wp-content\/uploads\/2024\/05\/Cohete-2-1024x465.png 1024w, https:\/\/doplay.es\/wp-content\/uploads\/2024\/05\/Cohete-2-768x349.png 768w, https:\/\/doplay.es\/wp-content\/uploads\/2024\/05\/Cohete-2-1536x698.png 1536w, https:\/\/doplay.es\/wp-content\/uploads\/2024\/05\/Cohete-2-600x273.png 600w\" sizes=\"auto, (max-width: 1556px) 100vw, 1556px\" \/><img loading=\"lazy\" decoding=\"async\" class=\"alignnone size-full wp-image-14613\" src=\"https:\/\/doplay.es\/wp-content\/uploads\/2024\/05\/2021-explorers-website-header.png\" alt=\"\" width=\"1900\" height=\"523\" srcset=\"https:\/\/doplay.es\/wp-content\/uploads\/2024\/05\/2021-explorers-website-header.png 1900w, https:\/\/doplay.es\/wp-content\/uploads\/2024\/05\/2021-explorers-website-header-300x83.png 300w, https:\/\/doplay.es\/wp-content\/uploads\/2024\/05\/2021-explorers-website-header-1024x282.png 1024w, https:\/\/doplay.es\/wp-content\/uploads\/2024\/05\/2021-explorers-website-header-768x211.png 768w, https:\/\/doplay.es\/wp-content\/uploads\/2024\/05\/2021-explorers-website-header-1536x423.png 1536w, https:\/\/doplay.es\/wp-content\/uploads\/2024\/05\/2021-explorers-website-header-600x165.png 600w, https:\/\/doplay.es\/wp-content\/uploads\/2024\/05\/2021-explorers-website-header-1896x522.png 1896w\" sizes=\"auto, (max-width: 1900px) 100vw, 1900px\" \/><img loading=\"lazy\" decoding=\"async\" class=\"alignnone size-full wp-image-14614\" src=\"https:\/\/doplay.es\/wp-content\/uploads\/2024\/05\/2021-pioneers-website-header.png\" alt=\"\" width=\"1900\" height=\"523\" srcset=\"https:\/\/doplay.es\/wp-content\/uploads\/2024\/05\/2021-pioneers-website-header.png 1900w, https:\/\/doplay.es\/wp-content\/uploads\/2024\/05\/2021-pioneers-website-header-300x83.png 300w, https:\/\/doplay.es\/wp-content\/uploads\/2024\/05\/2021-pioneers-website-header-1024x282.png 1024w, https:\/\/doplay.es\/wp-content\/uploads\/2024\/05\/2021-pioneers-website-header-768x211.png 768w, https:\/\/doplay.es\/wp-content\/uploads\/2024\/05\/2021-pioneers-website-header-1536x423.png 1536w, https:\/\/doplay.es\/wp-content\/uploads\/2024\/05\/2021-pioneers-website-header-600x165.png 600w, https:\/\/doplay.es\/wp-content\/uploads\/2024\/05\/2021-pioneers-website-header-1896x522.png 1896w\" sizes=\"auto, (max-width: 1900px) 100vw, 1900px\" \/><\/h4>\n<\/div>\n<\/div>\n<div class=\"page\" title=\"Page 1\">\n<div class=\"section\">\n<div class=\"layoutArea\">\n<h4><strong>De 12.00 a 13.30 trabajamos, entre otros, los siguientes proyectos: Rob\u00f3tica, Halocode, Realidad Aumentada, Minecraft, Roblox, Ozobot, CyberPI, Drones y Electr\u00f3nica Micro:bit.<\/strong><\/h4>\n<\/div>\n<\/div>\n<\/div>\n<div class=\"page\" title=\"Page 3\">\n<div class=\"section\">\n<div class=\"layoutArea\">\n<div class=\"column\">\n<div class=\"page\" title=\"Page 1\">\n<div class=\"section\">\n<div class=\"layoutArea\">\n<div class=\"column\"><\/div>\n<\/div>\n<\/div>\n<\/div>\n<p><img loading=\"lazy\" decoding=\"async\" class=\"alignnone wp-image-12175\" src=\"https:\/\/doplay.es\/wp-content\/uploads\/wpcfto_files\/4872605794da3c89acbb3230fb75402dRealidad%20Aumentada.jpeg\" alt=\"\" width=\"415\" height=\"233\" \/> <img loading=\"lazy\" decoding=\"async\" class=\"alignnone wp-image-11110\" src=\"https:\/\/doplay.es\/wp-content\/uploads\/2022\/11\/Andadores-JIMU.png\" alt=\"\" width=\"530\" height=\"237\" srcset=\"https:\/\/doplay.es\/wp-content\/uploads\/2022\/11\/Andadores-JIMU.png 2128w, https:\/\/doplay.es\/wp-content\/uploads\/2022\/11\/Andadores-JIMU-300x134.png 300w, https:\/\/doplay.es\/wp-content\/uploads\/2022\/11\/Andadores-JIMU-1024x458.png 1024w, https:\/\/doplay.es\/wp-content\/uploads\/2022\/11\/Andadores-JIMU-768x344.png 768w, https:\/\/doplay.es\/wp-content\/uploads\/2022\/11\/Andadores-JIMU-1536x687.png 1536w, https:\/\/doplay.es\/wp-content\/uploads\/2022\/11\/Andadores-JIMU-2048x916.png 2048w, https:\/\/doplay.es\/wp-content\/uploads\/2022\/11\/Andadores-JIMU-600x268.png 600w\" sizes=\"auto, (max-width: 530px) 100vw, 530px\" \/><img loading=\"lazy\" decoding=\"async\" class=\"alignnone wp-image-10752\" src=\"https:\/\/doplay.es\/wp-content\/uploads\/2020\/05\/CyberPI-taller.jpg\" alt=\"\" width=\"392\" height=\"294\" srcset=\"https:\/\/doplay.es\/wp-content\/uploads\/2020\/05\/CyberPI-taller.jpg 2016w, https:\/\/doplay.es\/wp-content\/uploads\/2020\/05\/CyberPI-taller-300x225.jpg 300w, https:\/\/doplay.es\/wp-content\/uploads\/2020\/05\/CyberPI-taller-1024x768.jpg 1024w, https:\/\/doplay.es\/wp-content\/uploads\/2020\/05\/CyberPI-taller-768x576.jpg 768w, https:\/\/doplay.es\/wp-content\/uploads\/2020\/05\/CyberPI-taller-1536x1152.jpg 1536w, https:\/\/doplay.es\/wp-content\/uploads\/2020\/05\/CyberPI-taller-600x450.jpg 600w\" sizes=\"auto, (max-width: 392px) 100vw, 392px\" \/>\u00a0 \u00a0 <img loading=\"lazy\" decoding=\"async\" class=\"alignnone wp-image-10762\" src=\"https:\/\/doplay.es\/wp-content\/uploads\/2019\/10\/Consola-CyberPI.png\" alt=\"\" width=\"474\" height=\"265\" srcset=\"https:\/\/doplay.es\/wp-content\/uploads\/2019\/10\/Consola-CyberPI.png 2634w, https:\/\/doplay.es\/wp-content\/uploads\/2019\/10\/Consola-CyberPI-300x167.png 300w, https:\/\/doplay.es\/wp-content\/uploads\/2019\/10\/Consola-CyberPI-1024x571.png 1024w, https:\/\/doplay.es\/wp-content\/uploads\/2019\/10\/Consola-CyberPI-768x429.png 768w, https:\/\/doplay.es\/wp-content\/uploads\/2019\/10\/Consola-CyberPI-1536x857.png 1536w, https:\/\/doplay.es\/wp-content\/uploads\/2019\/10\/Consola-CyberPI-2048x1143.png 2048w, https:\/\/doplay.es\/wp-content\/uploads\/2019\/10\/Consola-CyberPI-600x335.png 600w\" sizes=\"auto, (max-width: 474px) 100vw, 474px\" \/><img loading=\"lazy\" decoding=\"async\" class=\"alignnone wp-image-9441\" src=\"https:\/\/doplay.es\/wp-content\/uploads\/2022\/05\/Dron-Robomaster.jpeg\" alt=\"\" width=\"444\" height=\"297\" srcset=\"https:\/\/doplay.es\/wp-content\/uploads\/2022\/05\/Dron-Robomaster.jpeg 675w, https:\/\/doplay.es\/wp-content\/uploads\/2022\/05\/Dron-Robomaster-300x200.jpeg 300w, https:\/\/doplay.es\/wp-content\/uploads\/2022\/05\/Dron-Robomaster-270x180.jpeg 270w, https:\/\/doplay.es\/wp-content\/uploads\/2022\/05\/Dron-Robomaster-600x401.jpeg 600w\" sizes=\"auto, (max-width: 444px) 100vw, 444px\" \/>\u00a0 \u00a0 <img loading=\"lazy\" decoding=\"async\" class=\"alignnone wp-image-9176\" src=\"https:\/\/doplay.es\/wp-content\/uploads\/2022\/05\/Programando-Ozobot.jpeg\" alt=\"\" width=\"598\" height=\"299\" srcset=\"https:\/\/doplay.es\/wp-content\/uploads\/2022\/05\/Programando-Ozobot.jpeg 800w, https:\/\/doplay.es\/wp-content\/uploads\/2022\/05\/Programando-Ozobot-300x150.jpeg 300w, https:\/\/doplay.es\/wp-content\/uploads\/2022\/05\/Programando-Ozobot-768x384.jpeg 768w, https:\/\/doplay.es\/wp-content\/uploads\/2022\/05\/Programando-Ozobot-600x300.jpeg 600w\" sizes=\"auto, (max-width: 598px) 100vw, 598px\" \/><\/p>\n<p><img loading=\"lazy\" decoding=\"async\" class=\"alignnone wp-image-14483\" src=\"https:\/\/doplay.es\/wp-content\/uploads\/2024\/05\/WEEK-INN-2-1.png\" alt=\"\" width=\"778\" height=\"408\" srcset=\"https:\/\/doplay.es\/wp-content\/uploads\/2024\/05\/WEEK-INN-2-1.png 4478w, https:\/\/doplay.es\/wp-content\/uploads\/2024\/05\/WEEK-INN-2-1-300x157.png 300w, https:\/\/doplay.es\/wp-content\/uploads\/2024\/05\/WEEK-INN-2-1-1024x537.png 1024w, https:\/\/doplay.es\/wp-content\/uploads\/2024\/05\/WEEK-INN-2-1-768x403.png 768w, https:\/\/doplay.es\/wp-content\/uploads\/2024\/05\/WEEK-INN-2-1-1536x805.png 1536w, https:\/\/doplay.es\/wp-content\/uploads\/2024\/05\/WEEK-INN-2-1-2048x1074.png 2048w, https:\/\/doplay.es\/wp-content\/uploads\/2024\/05\/WEEK-INN-2-1-370x193.png 370w, https:\/\/doplay.es\/wp-content\/uploads\/2024\/05\/WEEK-INN-2-1-600x315.png 600w\" sizes=\"auto, (max-width: 778px) 100vw, 778px\" \/>\u00a0 \u00a0 \u00a0<img loading=\"lazy\" decoding=\"async\" class=\"alignnone wp-image-12628\" src=\"https:\/\/doplay.es\/wp-content\/uploads\/2022\/05\/MINECRAFT-vs-ROBLOX.png\" alt=\"\" width=\"616\" height=\"409\" srcset=\"https:\/\/doplay.es\/wp-content\/uploads\/2022\/05\/MINECRAFT-vs-ROBLOX.png 3164w, https:\/\/doplay.es\/wp-content\/uploads\/2022\/05\/MINECRAFT-vs-ROBLOX-300x199.png 300w, https:\/\/doplay.es\/wp-content\/uploads\/2022\/05\/MINECRAFT-vs-ROBLOX-1024x679.png 1024w, https:\/\/doplay.es\/wp-content\/uploads\/2022\/05\/MINECRAFT-vs-ROBLOX-768x509.png 768w, https:\/\/doplay.es\/wp-content\/uploads\/2022\/05\/MINECRAFT-vs-ROBLOX-1536x1018.png 1536w, https:\/\/doplay.es\/wp-content\/uploads\/2022\/05\/MINECRAFT-vs-ROBLOX-2048x1358.png 2048w, https:\/\/doplay.es\/wp-content\/uploads\/2022\/05\/MINECRAFT-vs-ROBLOX-270x180.png 270w, https:\/\/doplay.es\/wp-content\/uploads\/2022\/05\/MINECRAFT-vs-ROBLOX-600x398.png 600w\" sizes=\"auto, (max-width: 616px) 100vw, 616px\" \/><\/p>\n<\/div>\n<\/div>\n<\/div>\n<\/div>\n","protected":false},"excerpt":{"rendered":"<h4>Reto rob\u00f3tico con sus respectivas misiones a cumplimentar y dise\u00f1o de cohete englobado en proyecto agencia espacial ESA<\/h4>\n","protected":false},"featured_media":14616,"template":"","meta":[],"product_brand":[],"product_cat":[15],"product_tag":[],"class_list":{"0":"post-14610","1":"product","2":"type-product","3":"status-publish","4":"has-post-thumbnail","6":"product_cat-sin-categorizar","8":"first","9":"instock","10":"shipping-taxable","11":"purchasable","12":"product-type-variable"},"yoast_head":"<!-- This site is optimized with the Yoast SEO plugin v27.3 - https:\/\/yoast.com\/product\/yoast-seo-wordpress\/ -->\n<title>Actividades infantiles Navidad Donostia Gipuzkoa<\/title>\n<meta name=\"description\" content=\"Actividades infantiles Navidad Donostia Gipuzkoa para ni\u00f1os y j\u00f3venes. Haurrentzako eta gazteentzako jarduerak familian Gabonak Donostia Gipuzkoa\" \/>\n<meta name=\"robots\" content=\"index, follow, max-snippet:-1, max-image-preview:large, max-video-preview:-1\" \/>\n<link rel=\"canonical\" href=\"https:\/\/doplay.es\/producto\/reto-robotico-desafio-espacial-y-diseno-de-cohete\/\" \/>\n<meta property=\"og:locale\" content=\"eu_ES\" \/>\n<meta property=\"og:type\" content=\"article\" \/>\n<meta property=\"og:title\" content=\"Actividades infantiles Navidad Donostia Gipuzkoa\" \/>\n<meta property=\"og:description\" content=\"Actividades infantiles Navidad Donostia Gipuzkoa para ni\u00f1os y j\u00f3venes. Haurrentzako eta gazteentzako jarduerak familian Gabonak Donostia Gipuzkoa\" \/>\n<meta property=\"og:url\" content=\"https:\/\/doplay.es\/producto\/reto-robotico-desafio-espacial-y-diseno-de-cohete\/\" \/>\n<meta property=\"og:site_name\" content=\"DOPLAY\" \/>\n<meta property=\"article:modified_time\" content=\"2026-04-27T06:27:43+00:00\" \/>\n<meta property=\"og:image\" content=\"https:\/\/doplay.es\/wp-content\/uploads\/2024\/05\/RETO-ESPACIAL.jpg\" \/>\n\t<meta property=\"og:image:width\" content=\"801\" \/>\n\t<meta property=\"og:image:height\" content=\"600\" \/>\n\t<meta property=\"og:image:type\" content=\"image\/jpeg\" \/>\n<meta name=\"twitter:card\" content=\"summary_large_image\" \/>\n<meta name=\"twitter:label1\" content=\"Est. reading time\" \/>\n\t<meta name=\"twitter:data1\" content=\"5 minutes\" \/>\n<script type=\"application\/ld+json\" class=\"yoast-schema-graph\">{\"@context\":\"https:\\\/\\\/schema.org\",\"@graph\":[{\"@type\":\"WebPage\",\"@id\":\"https:\\\/\\\/doplay.es\\\/producto\\\/reto-robotico-desafio-espacial-y-diseno-de-cohete\\\/\",\"url\":\"https:\\\/\\\/doplay.es\\\/producto\\\/reto-robotico-desafio-espacial-y-diseno-de-cohete\\\/\",\"name\":\"Actividades infantiles Navidad Donostia Gipuzkoa\",\"isPartOf\":{\"@id\":\"https:\\\/\\\/doplay.es\\\/#website\"},\"primaryImageOfPage\":{\"@id\":\"https:\\\/\\\/doplay.es\\\/producto\\\/reto-robotico-desafio-espacial-y-diseno-de-cohete\\\/#primaryimage\"},\"image\":{\"@id\":\"https:\\\/\\\/doplay.es\\\/producto\\\/reto-robotico-desafio-espacial-y-diseno-de-cohete\\\/#primaryimage\"},\"thumbnailUrl\":\"https:\\\/\\\/doplay.es\\\/wp-content\\\/uploads\\\/2024\\\/05\\\/RETO-ESPACIAL.jpg\",\"datePublished\":\"2024-05-08T08:22:01+00:00\",\"dateModified\":\"2026-04-27T06:27:43+00:00\",\"description\":\"Actividades infantiles Navidad Donostia Gipuzkoa para ni\u00f1os y j\u00f3venes. Haurrentzako eta gazteentzako jarduerak familian Gabonak Donostia Gipuzkoa\",\"breadcrumb\":{\"@id\":\"https:\\\/\\\/doplay.es\\\/producto\\\/reto-robotico-desafio-espacial-y-diseno-de-cohete\\\/#breadcrumb\"},\"inLanguage\":\"eu-ES\",\"potentialAction\":[{\"@type\":\"ReadAction\",\"target\":[\"https:\\\/\\\/doplay.es\\\/producto\\\/reto-robotico-desafio-espacial-y-diseno-de-cohete\\\/\"]}]},{\"@type\":\"ImageObject\",\"inLanguage\":\"eu-ES\",\"@id\":\"https:\\\/\\\/doplay.es\\\/producto\\\/reto-robotico-desafio-espacial-y-diseno-de-cohete\\\/#primaryimage\",\"url\":\"https:\\\/\\\/doplay.es\\\/wp-content\\\/uploads\\\/2024\\\/05\\\/RETO-ESPACIAL.jpg\",\"contentUrl\":\"https:\\\/\\\/doplay.es\\\/wp-content\\\/uploads\\\/2024\\\/05\\\/RETO-ESPACIAL.jpg\",\"width\":801,\"height\":600},{\"@type\":\"BreadcrumbList\",\"@id\":\"https:\\\/\\\/doplay.es\\\/producto\\\/reto-robotico-desafio-espacial-y-diseno-de-cohete\\\/#breadcrumb\",\"itemListElement\":[{\"@type\":\"ListItem\",\"position\":1,\"name\":\"Portada\",\"item\":\"https:\\\/\\\/doplay.es\\\/eu\\\/teknologia-extraeskolarrak-steam-tailerrak\\\/\"},{\"@type\":\"ListItem\",\"position\":2,\"name\":\"Shop\",\"item\":\"https:\\\/\\\/doplay.es\\\/eu\\\/shop\\\/\"},{\"@type\":\"ListItem\",\"position\":3,\"name\":\"DESAF\u00cdO ROB\u00d3TICO ESPACIAL Y DISE\u00d1O COHETE\"}]},{\"@type\":\"WebSite\",\"@id\":\"https:\\\/\\\/doplay.es\\\/#website\",\"url\":\"https:\\\/\\\/doplay.es\\\/\",\"name\":\"DOPLAY\",\"description\":\"Aprender haciendo\",\"alternateName\":\"Talleres Rob\u00f3tica\",\"potentialAction\":[{\"@type\":\"SearchAction\",\"target\":{\"@type\":\"EntryPoint\",\"urlTemplate\":\"https:\\\/\\\/doplay.es\\\/?s={search_term_string}\"},\"query-input\":{\"@type\":\"PropertyValueSpecification\",\"valueRequired\":true,\"valueName\":\"search_term_string\"}}],\"inLanguage\":\"eu-ES\"}]}<\/script>\n<!-- \/ Yoast SEO plugin. -->","yoast_head_json":{"title":"Actividades infantiles Navidad Donostia Gipuzkoa","description":"Actividades infantiles Navidad Donostia Gipuzkoa para ni\u00f1os y j\u00f3venes. Haurrentzako eta gazteentzako jarduerak familian Gabonak Donostia Gipuzkoa","robots":{"index":"index","follow":"follow","max-snippet":"max-snippet:-1","max-image-preview":"max-image-preview:large","max-video-preview":"max-video-preview:-1"},"canonical":"https:\/\/doplay.es\/producto\/reto-robotico-desafio-espacial-y-diseno-de-cohete\/","og_locale":"eu_ES","og_type":"article","og_title":"Actividades infantiles Navidad Donostia Gipuzkoa","og_description":"Actividades infantiles Navidad Donostia Gipuzkoa para ni\u00f1os y j\u00f3venes. Haurrentzako eta gazteentzako jarduerak familian Gabonak Donostia Gipuzkoa","og_url":"https:\/\/doplay.es\/producto\/reto-robotico-desafio-espacial-y-diseno-de-cohete\/","og_site_name":"DOPLAY","article_modified_time":"2026-04-27T06:27:43+00:00","og_image":[{"width":801,"height":600,"url":"https:\/\/doplay.es\/wp-content\/uploads\/2024\/05\/RETO-ESPACIAL.jpg","type":"image\/jpeg"}],"twitter_card":"summary_large_image","twitter_misc":{"Est. reading time":"5 minutes"},"schema":{"@context":"https:\/\/schema.org","@graph":[{"@type":"WebPage","@id":"https:\/\/doplay.es\/producto\/reto-robotico-desafio-espacial-y-diseno-de-cohete\/","url":"https:\/\/doplay.es\/producto\/reto-robotico-desafio-espacial-y-diseno-de-cohete\/","name":"Actividades infantiles Navidad Donostia Gipuzkoa","isPartOf":{"@id":"https:\/\/doplay.es\/#website"},"primaryImageOfPage":{"@id":"https:\/\/doplay.es\/producto\/reto-robotico-desafio-espacial-y-diseno-de-cohete\/#primaryimage"},"image":{"@id":"https:\/\/doplay.es\/producto\/reto-robotico-desafio-espacial-y-diseno-de-cohete\/#primaryimage"},"thumbnailUrl":"https:\/\/doplay.es\/wp-content\/uploads\/2024\/05\/RETO-ESPACIAL.jpg","datePublished":"2024-05-08T08:22:01+00:00","dateModified":"2026-04-27T06:27:43+00:00","description":"Actividades infantiles Navidad Donostia Gipuzkoa para ni\u00f1os y j\u00f3venes. Haurrentzako eta gazteentzako jarduerak familian Gabonak Donostia Gipuzkoa","breadcrumb":{"@id":"https:\/\/doplay.es\/producto\/reto-robotico-desafio-espacial-y-diseno-de-cohete\/#breadcrumb"},"inLanguage":"eu-ES","potentialAction":[{"@type":"ReadAction","target":["https:\/\/doplay.es\/producto\/reto-robotico-desafio-espacial-y-diseno-de-cohete\/"]}]},{"@type":"ImageObject","inLanguage":"eu-ES","@id":"https:\/\/doplay.es\/producto\/reto-robotico-desafio-espacial-y-diseno-de-cohete\/#primaryimage","url":"https:\/\/doplay.es\/wp-content\/uploads\/2024\/05\/RETO-ESPACIAL.jpg","contentUrl":"https:\/\/doplay.es\/wp-content\/uploads\/2024\/05\/RETO-ESPACIAL.jpg","width":801,"height":600},{"@type":"BreadcrumbList","@id":"https:\/\/doplay.es\/producto\/reto-robotico-desafio-espacial-y-diseno-de-cohete\/#breadcrumb","itemListElement":[{"@type":"ListItem","position":1,"name":"Portada","item":"https:\/\/doplay.es\/eu\/teknologia-extraeskolarrak-steam-tailerrak\/"},{"@type":"ListItem","position":2,"name":"Shop","item":"https:\/\/doplay.es\/eu\/shop\/"},{"@type":"ListItem","position":3,"name":"DESAF\u00cdO ROB\u00d3TICO ESPACIAL Y DISE\u00d1O COHETE"}]},{"@type":"WebSite","@id":"https:\/\/doplay.es\/#website","url":"https:\/\/doplay.es\/","name":"DOPLAY","description":"Aprender haciendo","alternateName":"Talleres Rob\u00f3tica","potentialAction":[{"@type":"SearchAction","target":{"@type":"EntryPoint","urlTemplate":"https:\/\/doplay.es\/?s={search_term_string}"},"query-input":{"@type":"PropertyValueSpecification","valueRequired":true,"valueName":"search_term_string"}}],"inLanguage":"eu-ES"}]}},"_links":{"self":[{"href":"https:\/\/doplay.es\/eu\/wp-json\/wp\/v2\/product\/14610","targetHints":{"allow":["GET"]}}],"collection":[{"href":"https:\/\/doplay.es\/eu\/wp-json\/wp\/v2\/product"}],"about":[{"href":"https:\/\/doplay.es\/eu\/wp-json\/wp\/v2\/types\/product"}],"wp:featuredmedia":[{"embeddable":true,"href":"https:\/\/doplay.es\/eu\/wp-json\/wp\/v2\/media\/14616"}],"wp:attachment":[{"href":"https:\/\/doplay.es\/eu\/wp-json\/wp\/v2\/media?parent=14610"}],"wp:term":[{"taxonomy":"product_brand","embeddable":true,"href":"https:\/\/doplay.es\/eu\/wp-json\/wp\/v2\/product_brand?post=14610"},{"taxonomy":"product_cat","embeddable":true,"href":"https:\/\/doplay.es\/eu\/wp-json\/wp\/v2\/product_cat?post=14610"},{"taxonomy":"product_tag","embeddable":true,"href":"https:\/\/doplay.es\/eu\/wp-json\/wp\/v2\/product_tag?post=14610"}],"curies":[{"name":"wp","href":"https:\/\/api.w.org\/{rel}","templated":true}]}}