{"id":14621,"date":"2024-05-08T16:38:16","date_gmt":"2024-05-08T14:38:16","guid":{"rendered":"https:\/\/doplay.es\/?post_type=product&#038;p=14621"},"modified":"2026-04-28T10:38:10","modified_gmt":"2026-04-28T08:38:10","slug":"reto-espacial-diseno-y-robotica","status":"publish","type":"product","link":"https:\/\/doplay.es\/eu\/producto\/reto-espacial-diseno-y-robotica\/","title":{"rendered":"RETO ESPACIAL. DISE\u00d1O y ROB\u00d3TICA."},"content":{"rendered":"<div class=\"wpb-content-wrapper\"><p>[vc_row][vc_column width=&#8221;1\/2&#8243;][vc_column_text css=&#8221;&#8221;]<\/p>\n<div class=\"page\" title=\"Page 1\">\n<div class=\"section\">\n<h4><strong><span style=\"color: #0000ff;\">MAQUETA LUNAR. <\/span><\/strong><\/h4>\n<h4>Estamos en el a\u00f1o 2043. En una Base Lunar. Llevamos aqu\u00ed 8 a\u00f1os y hemos conseguido ser autosuficientes. Generamos los alimentos y el agua que necesitamos. Reciclamos al m\u00e1ximo y optimizamos todos nuestros recursos. Se puede decir que somos 100% aut\u00f3nomos. Disponemos de comunicaci\u00f3n bidireccional con la tierra v\u00eda radio.<br \/>\nHemos recibido un mensaje desde la Agencia Espacial Vasca que nos advierte que un gran meteorito podr\u00eda colisionar con la luna. Nos piden que permanezcamos a salvo y protejamos nuestra base.<\/h4>\n<h4 class=\"layoutArea\">El objetivos es realizar una maqueta de BASE LUNAR que contemple:<\/h4>\n<h4 class=\"layoutArea\">\u2713 Recursos. Producci\u00f3n de alimentos, agua l\u00edquida, otros recursos y reciclaje.<\/h4>\n<h4 class=\"layoutArea\">\u2713 Agentes externos. Localizaci\u00f3n, seguimiento y protecci\u00f3n ante meteoritos, cambios clim\u00e1ticos, tormentas, \u2026<\/h4>\n<h4 class=\"layoutArea\">\u2713\u00a0Libre. Alg\u00fan invento o mejora que hayamos desarrollado en los 8 a\u00f1os que llevamos en la luna.<\/h4>\n<h4 class=\"layoutArea\">\u2713 Robots: Lego Spike Prime, Robot Inventor. Trabajamos fundamentalmente m\u00e9todos de transporte lunares (veh\u00edculos, pasarelas y elevadores)<\/h4>\n<h4><span style=\"color: #ff0000;\"><img loading=\"lazy\" decoding=\"async\" class=\"alignnone size-full wp-image-14625\" src=\"https:\/\/doplay.es\/wp-content\/uploads\/2024\/05\/MAQUETA-ESPACIAL.png\" alt=\"\" width=\"3632\" height=\"2022\" srcset=\"https:\/\/doplay.es\/wp-content\/uploads\/2024\/05\/MAQUETA-ESPACIAL.png 3632w, https:\/\/doplay.es\/wp-content\/uploads\/2024\/05\/MAQUETA-ESPACIAL-300x167.png 300w, https:\/\/doplay.es\/wp-content\/uploads\/2024\/05\/MAQUETA-ESPACIAL-1024x570.png 1024w, https:\/\/doplay.es\/wp-content\/uploads\/2024\/05\/MAQUETA-ESPACIAL-768x428.png 768w, https:\/\/doplay.es\/wp-content\/uploads\/2024\/05\/MAQUETA-ESPACIAL-1536x855.png 1536w, https:\/\/doplay.es\/wp-content\/uploads\/2024\/05\/MAQUETA-ESPACIAL-2048x1140.png 2048w, https:\/\/doplay.es\/wp-content\/uploads\/2024\/05\/MAQUETA-ESPACIAL-600x334.png 600w\" sizes=\"auto, (max-width: 3632px) 100vw, 3632px\" \/><\/span><\/h4>\n<h4><span style=\"color: #ff0000;\"><img loading=\"lazy\" decoding=\"async\" class=\"alignnone wp-image-14627\" src=\"https:\/\/doplay.es\/wp-content\/uploads\/2024\/05\/VEHICULO-ESPACIAL.jpg\" alt=\"\" width=\"869\" height=\"267\" srcset=\"https:\/\/doplay.es\/wp-content\/uploads\/2024\/05\/VEHICULO-ESPACIAL.jpg 1200w, https:\/\/doplay.es\/wp-content\/uploads\/2024\/05\/VEHICULO-ESPACIAL-300x92.jpg 300w, https:\/\/doplay.es\/wp-content\/uploads\/2024\/05\/VEHICULO-ESPACIAL-1024x315.jpg 1024w, https:\/\/doplay.es\/wp-content\/uploads\/2024\/05\/VEHICULO-ESPACIAL-768x236.jpg 768w, https:\/\/doplay.es\/wp-content\/uploads\/2024\/05\/VEHICULO-ESPACIAL-600x185.jpg 600w, https:\/\/doplay.es\/wp-content\/uploads\/2024\/05\/VEHICULO-ESPACIAL-1197x368.jpg 1197w\" sizes=\"auto, (max-width: 869px) 100vw, 869px\" \/><img loading=\"lazy\" decoding=\"async\" class=\"alignnone wp-image-14628\" src=\"https:\/\/doplay.es\/wp-content\/uploads\/2024\/05\/DETECTOR-ESPACIAL.png\" alt=\"\" width=\"603\" height=\"276\" srcset=\"https:\/\/doplay.es\/wp-content\/uploads\/2024\/05\/DETECTOR-ESPACIAL.png 2798w, https:\/\/doplay.es\/wp-content\/uploads\/2024\/05\/DETECTOR-ESPACIAL-300x137.png 300w, https:\/\/doplay.es\/wp-content\/uploads\/2024\/05\/DETECTOR-ESPACIAL-1024x468.png 1024w, https:\/\/doplay.es\/wp-content\/uploads\/2024\/05\/DETECTOR-ESPACIAL-768x351.png 768w, https:\/\/doplay.es\/wp-content\/uploads\/2024\/05\/DETECTOR-ESPACIAL-1536x703.png 1536w, https:\/\/doplay.es\/wp-content\/uploads\/2024\/05\/DETECTOR-ESPACIAL-2048x937.png 2048w, https:\/\/doplay.es\/wp-content\/uploads\/2024\/05\/DETECTOR-ESPACIAL-600x274.png 600w\" sizes=\"auto, (max-width: 603px) 100vw, 603px\" \/><\/span><\/h4>\n<h4><strong><span style=\"color: #0000ff;\">DISE\u00d1O DE BASE LUNAR Y COHETE CON TINKERCAD<\/span><\/strong><\/h4>\n<h4>Seguimos un Proyecto Educativo llevado a cabo en colaboraci\u00f3n entre ESA (agencia espacial Europea) y la Fundaci\u00f3n Airbus, en cooperaci\u00f3n con TINKERCAD de Autodesk <a href=\"https:\/\/esero.es\/concursos\/moon-camp\/\">MOON CAMP<\/a><\/h4>\n<h4>En base a una serie de figuras b\u00e1sicas (cubo, cilindro, esfera, techo, cono, texto, cu\u00f1a, pir\u00e1mide, media esfera, pol\u00edgono, paraboloide, toroide, tubo, aro,\u2026) parametrizables, realizamos todo tipo de figuras complejas.<br \/>\nFunciones como escalas, alinear, centrar, agrupar, huecos, simetr\u00edas,\u2026 nos ayudan a conseguir los objetivos deseados.<\/h4>\n<h4>Dise\u00f1amos su campamento lunar, que debe adaptarse a las particulares condiciones ambientales de la Luna y considerar el uso de recursos locales.<strong>\u00a0 \u00a0 \u00a0 \u00a0\u00a0<\/strong><\/h4>\n<\/div>\n<\/div>\n<div class=\"page\" title=\"Page 3\">\n<div class=\"section\">\n<div class=\"layoutArea\">\n<div class=\"column\">\n<p><img loading=\"lazy\" decoding=\"async\" class=\"alignnone size-full wp-image-21129\" src=\"https:\/\/doplay.es\/wp-content\/uploads\/2024\/05\/SATELITE-LUNAR.png\" alt=\"\" width=\"1912\" height=\"1006\" srcset=\"https:\/\/doplay.es\/wp-content\/uploads\/2024\/05\/SATELITE-LUNAR.png 1912w, https:\/\/doplay.es\/wp-content\/uploads\/2024\/05\/SATELITE-LUNAR-300x158.png 300w, https:\/\/doplay.es\/wp-content\/uploads\/2024\/05\/SATELITE-LUNAR-1024x539.png 1024w, https:\/\/doplay.es\/wp-content\/uploads\/2024\/05\/SATELITE-LUNAR-768x404.png 768w, https:\/\/doplay.es\/wp-content\/uploads\/2024\/05\/SATELITE-LUNAR-1536x808.png 1536w, https:\/\/doplay.es\/wp-content\/uploads\/2024\/05\/SATELITE-LUNAR-600x316.png 600w\" sizes=\"auto, (max-width: 1912px) 100vw, 1912px\" \/><\/p>\n<h4 class=\"layoutArea\"><img loading=\"lazy\" decoding=\"async\" class=\"alignnone size-full wp-image-14615\" src=\"https:\/\/doplay.es\/wp-content\/uploads\/2024\/05\/Cohete-2.png\" alt=\"\" width=\"1556\" height=\"707\" srcset=\"https:\/\/doplay.es\/wp-content\/uploads\/2024\/05\/Cohete-2.png 1556w, https:\/\/doplay.es\/wp-content\/uploads\/2024\/05\/Cohete-2-300x136.png 300w, https:\/\/doplay.es\/wp-content\/uploads\/2024\/05\/Cohete-2-1024x465.png 1024w, https:\/\/doplay.es\/wp-content\/uploads\/2024\/05\/Cohete-2-768x349.png 768w, https:\/\/doplay.es\/wp-content\/uploads\/2024\/05\/Cohete-2-1536x698.png 1536w, https:\/\/doplay.es\/wp-content\/uploads\/2024\/05\/Cohete-2-600x273.png 600w\" sizes=\"auto, (max-width: 1556px) 100vw, 1556px\" \/><\/h4>\n<\/div>\n<\/div>\n<\/div>\n<\/div>\n<p>[\/vc_column_text][\/vc_column][vc_column width=&#8221;1\/2&#8243;][vc_column_text css=&#8221;&#8221;]<\/p>\n<div class=\"page\" title=\"Page 1\">\n<div class=\"section\">\n<h4><span style=\"color: #0000ff;\"><strong>RETO ROB\u00d3TICO: DESAF\u00cdO ESPACIAL<\/strong><\/span><\/h4>\n<h4 class=\"layoutArea\">Prep\u00e1rate para ir a marte. Idea, dise\u00f1a, construye y programa un robot y sus acoples, brazos y herramientas. Activa las comunicaciones. Navega a la antena parab\u00f3lica y emp\u00fajala hasta quedar erguida.<br \/>\nReune a tu tripulaci\u00f3n. Navega a la base lunar, recoge a la comandante de vuelo y col\u00f3cala en la base.<\/h4>\n<h4 class=\"layoutArea\">Libera al robot MSL. Navega al cr\u00e1ter y libera al robot para que sus seis ruedas vuelvan a la superficie marciana. Lanza el sat\u00e9lite. Consigue muestras de rocas. Llega a las\u00a0muestras de rocas, recol\u00e9ctalas y devu\u00e9lvelas al \u00e1rea base.<br \/>\nAsegura el suministro de energ\u00eda. Llega a la Placa solar y girar la manija para desplegarla. Inicia el Lanzamiento. Llega al lugar del lanzamiento y pulsa el bot\u00f3n para lanzar el\u00a0Cohete\u00a0y activar la\u00a0Base de operaciones avanzada en Marte.<\/h4>\n<p>&nbsp;<\/p>\n<h4 class=\"layoutArea\"><img loading=\"lazy\" decoding=\"async\" class=\"alignnone wp-image-14612\" src=\"https:\/\/doplay.es\/wp-content\/uploads\/2024\/05\/EV3-RETO-ESPACIAL.png\" alt=\"\" width=\"749\" height=\"996\" srcset=\"https:\/\/doplay.es\/wp-content\/uploads\/2024\/05\/EV3-RETO-ESPACIAL.png 1702w, https:\/\/doplay.es\/wp-content\/uploads\/2024\/05\/EV3-RETO-ESPACIAL-226x300.png 226w, https:\/\/doplay.es\/wp-content\/uploads\/2024\/05\/EV3-RETO-ESPACIAL-770x1024.png 770w, https:\/\/doplay.es\/wp-content\/uploads\/2024\/05\/EV3-RETO-ESPACIAL-768x1022.png 768w, https:\/\/doplay.es\/wp-content\/uploads\/2024\/05\/EV3-RETO-ESPACIAL-1155x1536.png 1155w, https:\/\/doplay.es\/wp-content\/uploads\/2024\/05\/EV3-RETO-ESPACIAL-1540x2048.png 1540w, https:\/\/doplay.es\/wp-content\/uploads\/2024\/05\/EV3-RETO-ESPACIAL-600x798.png 600w\" sizes=\"auto, (max-width: 749px) 100vw, 749px\" \/><img loading=\"lazy\" decoding=\"async\" class=\"alignnone wp-image-13312\" src=\"https:\/\/doplay.es\/wp-content\/uploads\/2023\/11\/ROBOT-CARTERO.jpg\" alt=\"\" width=\"1058\" height=\"595\" srcset=\"https:\/\/doplay.es\/wp-content\/uploads\/2023\/11\/ROBOT-CARTERO.jpg 1600w, https:\/\/doplay.es\/wp-content\/uploads\/2023\/11\/ROBOT-CARTERO-300x169.jpg 300w, https:\/\/doplay.es\/wp-content\/uploads\/2023\/11\/ROBOT-CARTERO-1024x576.jpg 1024w, https:\/\/doplay.es\/wp-content\/uploads\/2023\/11\/ROBOT-CARTERO-768x432.jpg 768w, https:\/\/doplay.es\/wp-content\/uploads\/2023\/11\/ROBOT-CARTERO-1536x864.jpg 1536w, https:\/\/doplay.es\/wp-content\/uploads\/2023\/11\/ROBOT-CARTERO-270x153.jpg 270w, https:\/\/doplay.es\/wp-content\/uploads\/2023\/11\/ROBOT-CARTERO-600x338.jpg 600w\" sizes=\"auto, (max-width: 1058px) 100vw, 1058px\" \/><\/h4>\n<h4><strong><span style=\"color: #0000ff;\">DISE\u00d1O DE SISTEMA LUNAR CON BLENDER<\/span><\/strong><\/h4>\n<h4>Seguimos un Proyecto Educativo llevado a cabo en colaboraci\u00f3n entre ESA (agencia espacial Europea) y la Fundaci\u00f3n Airbus, en cooperaci\u00f3n con TINKERCAD de Autodesk <a href=\"https:\/\/esero.es\/concursos\/moon-camp\/\">MOON CAMP<\/a><\/h4>\n<h4>Modelado y animaci\u00f3n del Sistema solar.<br \/>\nPaso 1: Curvas. Conocemos el interfaz del programa y empezamos agregando objetos de tipo curva para crear las \u00f3rbitas de los planetas<br \/>\nPaso 2: Agregar Planetas. Agregamos esferas para representar cada planeta y escalarlos.<br \/>\nPaso 3: Texturizar los Planetas. Asignamos materiales a las esferas y aplicamos las texturas. Ajustamos la escala y mapeo.<br \/>\nPaso 4: Asignamos modificadores a los planetas para que sigan la \u00f3rbita del anillo<br \/>\nPaso 5: Animar \u00d3rbitas. Seleccionamos cada planeta y establecemos su \u00f3rbita alrededor del Sol. Utilizamos keyframes para animar el movimiento orbital.<br \/>\nPaso 6: Animar Rotaci\u00f3n de Planetas y Anillos.\u00a0Ajustamos la velocidad de rotaci\u00f3n<br \/>\nPaso 7: Configurar Cielo y Renderizar. Y a\u00f1adimos algunas estrellas.<br \/>\nPaso 8: C\u00e1mara y Renderizado. Colocamos la c\u00e1mara para tener una vista adecuada del sistema solar y renderizamos la animaci\u00f3n.<\/h4>\n<h4 class=\"layoutArea\"><img loading=\"lazy\" decoding=\"async\" class=\"alignnone size-full wp-image-21131\" src=\"https:\/\/doplay.es\/wp-content\/uploads\/2024\/05\/sistemaSolar7.png\" alt=\"\" width=\"2560\" height=\"1380\" srcset=\"https:\/\/doplay.es\/wp-content\/uploads\/2024\/05\/sistemaSolar7.png 2560w, https:\/\/doplay.es\/wp-content\/uploads\/2024\/05\/sistemaSolar7-300x162.png 300w, https:\/\/doplay.es\/wp-content\/uploads\/2024\/05\/sistemaSolar7-1024x552.png 1024w, https:\/\/doplay.es\/wp-content\/uploads\/2024\/05\/sistemaSolar7-768x414.png 768w, https:\/\/doplay.es\/wp-content\/uploads\/2024\/05\/sistemaSolar7-1536x828.png 1536w, https:\/\/doplay.es\/wp-content\/uploads\/2024\/05\/sistemaSolar7-2048x1104.png 2048w, https:\/\/doplay.es\/wp-content\/uploads\/2024\/05\/sistemaSolar7-600x323.png 600w\" sizes=\"auto, (max-width: 2560px) 100vw, 2560px\" \/><\/h4>\n<\/div>\n<\/div>\n<div class=\"page\" title=\"Page 3\">\n<div class=\"section\">\n<div class=\"layoutArea\">\n<div class=\"column\">\n<p>&nbsp;<\/p>\n<\/div>\n<\/div>\n<\/div>\n<\/div>\n<p>[\/vc_column_text][\/vc_column][\/vc_row][vc_row][vc_column width=&#8221;2\/6&#8243;][vc_column_text css=&#8221;&#8221;]<\/p>\n<h4><strong>Con objeto de hacer el taller m\u00e1s variado y din\u00e1mico, cada jornada hacemos una breve introducci\u00f3n a otros productos y plataformas como pueden ser. Rob\u00f3tica, Halocode, Realidad Aumentada y GAFAS REALIDAD VIRTUAL, Ozobot, CyberPI, Drones, Electr\u00f3nica Micro:bit, Makecode Arcade, KNEX Education, Vex, Fischertechnik, Tinkercad, Blender, Roblox o Minecraft.<\/strong><\/h4>\n<p>[\/vc_column_text][\/vc_column][vc_column width=&#8221;1\/6&#8243;][vc_single_image image=&#8221;10752&#8243; img_size=&#8221;full&#8221; css=&#8221;&#8221;][\/vc_column][vc_column width=&#8221;1\/6&#8243;][vc_single_image image=&#8221;13278&#8243; img_size=&#8221;full&#8221; css=&#8221;&#8221;][\/vc_column][vc_column width=&#8221;1\/6&#8243;][vc_single_image image=&#8221;15887&#8243; img_size=&#8221;full&#8221; css=&#8221;&#8221;][\/vc_column][vc_column width=&#8221;1\/6&#8243;][vc_single_image image=&#8221;15827&#8243; img_size=&#8221;full&#8221; css=&#8221;&#8221;][\/vc_column][\/vc_row][vc_row][vc_column width=&#8221;1\/6&#8243;][vc_single_image image=&#8221;15823&#8243; img_size=&#8221;full&#8221; css=&#8221;&#8221;][\/vc_column][vc_column width=&#8221;1\/6&#8243;][vc_single_image image=&#8221;15833&#8243; img_size=&#8221;full&#8221; css=&#8221;&#8221;][\/vc_column][vc_column width=&#8221;1\/6&#8243;][vc_single_image image=&#8221;21116&#8243; img_size=&#8221;full&#8221; css=&#8221;&#8221;][\/vc_column][vc_column width=&#8221;1\/6&#8243;][vc_single_image image=&#8221;21118&#8243; img_size=&#8221;full&#8221; css=&#8221;&#8221;][\/vc_column][vc_column width=&#8221;1\/6&#8243;][vc_single_image image=&#8221;15769&#8243; img_size=&#8221;full&#8221; css=&#8221;&#8221;][\/vc_column][vc_column width=&#8221;1\/6&#8243;][vc_single_image image=&#8221;8822&#8243; img_size=&#8221;full&#8221; css=&#8221;&#8221;][\/vc_column][\/vc_row]<\/p>\n<\/div>","protected":false},"excerpt":{"rendered":"<h4><span style=\"color: #0000ff;\">RETOS ESPACIALES. Construcci\u00f3n de maqueta lunar robotizada y desaf\u00edo espacial. \u00a0Dise\u00f1o de Base Lunar y Cohete con TINKERCAD y sistema solar con BLENDER.<\/span><\/h4>\n<h4><span style=\"color: #0000ff;\">Retos diferenciados por grupos de edad.<\/span><\/h4>\n","protected":false},"featured_media":14630,"template":"","meta":[],"product_brand":[],"product_cat":[15],"product_tag":[],"class_list":{"0":"post-14621","1":"product","2":"type-product","3":"status-publish","4":"has-post-thumbnail","6":"product_cat-sin-categorizar","8":"first","9":"instock","10":"shipping-taxable","11":"purchasable","12":"product-type-variable"},"yoast_head":"<!-- This site is optimized with the Yoast SEO plugin v27.3 - https:\/\/yoast.com\/product\/yoast-seo-wordpress\/ -->\n<title>Actividades infantiles Navidad Donostia Gipuzkoa<\/title>\n<meta name=\"description\" content=\"Actividades infantiles Navidad Donostia Gipuzkoa para ni\u00f1os y j\u00f3venes. Haurrentzako eta gazteentzako jarduerak familian Gabonak Donostia Gipuzkoa\" \/>\n<meta name=\"robots\" content=\"index, follow, max-snippet:-1, max-image-preview:large, max-video-preview:-1\" \/>\n<link rel=\"canonical\" href=\"https:\/\/doplay.es\/producto\/reto-espacial-diseno-y-robotica\/\" \/>\n<meta property=\"og:locale\" content=\"eu_ES\" \/>\n<meta property=\"og:type\" content=\"article\" \/>\n<meta property=\"og:title\" content=\"Actividades infantiles Navidad Donostia Gipuzkoa\" \/>\n<meta property=\"og:description\" content=\"Actividades infantiles Navidad Donostia Gipuzkoa para ni\u00f1os y j\u00f3venes. Haurrentzako eta gazteentzako jarduerak familian Gabonak Donostia Gipuzkoa\" \/>\n<meta property=\"og:url\" content=\"https:\/\/doplay.es\/producto\/reto-espacial-diseno-y-robotica\/\" \/>\n<meta property=\"og:site_name\" content=\"DOPLAY\" \/>\n<meta property=\"article:modified_time\" content=\"2026-04-28T08:38:10+00:00\" \/>\n<meta property=\"og:image\" content=\"https:\/\/doplay.es\/wp-content\/uploads\/2024\/05\/CUENTA-ATRAS.png\" \/>\n\t<meta property=\"og:image:width\" content=\"2956\" \/>\n\t<meta property=\"og:image:height\" content=\"1302\" \/>\n\t<meta property=\"og:image:type\" content=\"image\/png\" \/>\n<meta name=\"twitter:card\" content=\"summary_large_image\" \/>\n<meta name=\"twitter:label1\" content=\"Est. reading time\" \/>\n\t<meta name=\"twitter:data1\" content=\"7 minutes\" \/>\n<script type=\"application\/ld+json\" class=\"yoast-schema-graph\">{\"@context\":\"https:\\\/\\\/schema.org\",\"@graph\":[{\"@type\":\"WebPage\",\"@id\":\"https:\\\/\\\/doplay.es\\\/producto\\\/reto-espacial-diseno-y-robotica\\\/\",\"url\":\"https:\\\/\\\/doplay.es\\\/producto\\\/reto-espacial-diseno-y-robotica\\\/\",\"name\":\"Actividades infantiles Navidad Donostia Gipuzkoa\",\"isPartOf\":{\"@id\":\"https:\\\/\\\/doplay.es\\\/#website\"},\"primaryImageOfPage\":{\"@id\":\"https:\\\/\\\/doplay.es\\\/producto\\\/reto-espacial-diseno-y-robotica\\\/#primaryimage\"},\"image\":{\"@id\":\"https:\\\/\\\/doplay.es\\\/producto\\\/reto-espacial-diseno-y-robotica\\\/#primaryimage\"},\"thumbnailUrl\":\"https:\\\/\\\/doplay.es\\\/wp-content\\\/uploads\\\/2024\\\/05\\\/CUENTA-ATRAS.png\",\"datePublished\":\"2024-05-08T14:38:16+00:00\",\"dateModified\":\"2026-04-28T08:38:10+00:00\",\"description\":\"Actividades infantiles Navidad Donostia Gipuzkoa para ni\u00f1os y j\u00f3venes. Haurrentzako eta gazteentzako jarduerak familian Gabonak Donostia Gipuzkoa\",\"breadcrumb\":{\"@id\":\"https:\\\/\\\/doplay.es\\\/producto\\\/reto-espacial-diseno-y-robotica\\\/#breadcrumb\"},\"inLanguage\":\"eu-ES\",\"potentialAction\":[{\"@type\":\"ReadAction\",\"target\":[\"https:\\\/\\\/doplay.es\\\/producto\\\/reto-espacial-diseno-y-robotica\\\/\"]}]},{\"@type\":\"ImageObject\",\"inLanguage\":\"eu-ES\",\"@id\":\"https:\\\/\\\/doplay.es\\\/producto\\\/reto-espacial-diseno-y-robotica\\\/#primaryimage\",\"url\":\"https:\\\/\\\/doplay.es\\\/wp-content\\\/uploads\\\/2024\\\/05\\\/CUENTA-ATRAS.png\",\"contentUrl\":\"https:\\\/\\\/doplay.es\\\/wp-content\\\/uploads\\\/2024\\\/05\\\/CUENTA-ATRAS.png\",\"width\":2956,\"height\":1302},{\"@type\":\"BreadcrumbList\",\"@id\":\"https:\\\/\\\/doplay.es\\\/producto\\\/reto-espacial-diseno-y-robotica\\\/#breadcrumb\",\"itemListElement\":[{\"@type\":\"ListItem\",\"position\":1,\"name\":\"Portada\",\"item\":\"https:\\\/\\\/doplay.es\\\/eu\\\/teknologia-extraeskolarrak-steam-tailerrak\\\/\"},{\"@type\":\"ListItem\",\"position\":2,\"name\":\"Shop\",\"item\":\"https:\\\/\\\/doplay.es\\\/eu\\\/shop\\\/\"},{\"@type\":\"ListItem\",\"position\":3,\"name\":\"RETO ESPACIAL. DISE\u00d1O y ROB\u00d3TICA.\"}]},{\"@type\":\"WebSite\",\"@id\":\"https:\\\/\\\/doplay.es\\\/#website\",\"url\":\"https:\\\/\\\/doplay.es\\\/\",\"name\":\"DOPLAY\",\"description\":\"Aprender haciendo\",\"alternateName\":\"Talleres Rob\u00f3tica\",\"potentialAction\":[{\"@type\":\"SearchAction\",\"target\":{\"@type\":\"EntryPoint\",\"urlTemplate\":\"https:\\\/\\\/doplay.es\\\/?s={search_term_string}\"},\"query-input\":{\"@type\":\"PropertyValueSpecification\",\"valueRequired\":true,\"valueName\":\"search_term_string\"}}],\"inLanguage\":\"eu-ES\"}]}<\/script>\n<!-- \/ Yoast SEO plugin. -->","yoast_head_json":{"title":"Actividades infantiles Navidad Donostia Gipuzkoa","description":"Actividades infantiles Navidad Donostia Gipuzkoa para ni\u00f1os y j\u00f3venes. Haurrentzako eta gazteentzako jarduerak familian Gabonak Donostia Gipuzkoa","robots":{"index":"index","follow":"follow","max-snippet":"max-snippet:-1","max-image-preview":"max-image-preview:large","max-video-preview":"max-video-preview:-1"},"canonical":"https:\/\/doplay.es\/producto\/reto-espacial-diseno-y-robotica\/","og_locale":"eu_ES","og_type":"article","og_title":"Actividades infantiles Navidad Donostia Gipuzkoa","og_description":"Actividades infantiles Navidad Donostia Gipuzkoa para ni\u00f1os y j\u00f3venes. Haurrentzako eta gazteentzako jarduerak familian Gabonak Donostia Gipuzkoa","og_url":"https:\/\/doplay.es\/producto\/reto-espacial-diseno-y-robotica\/","og_site_name":"DOPLAY","article_modified_time":"2026-04-28T08:38:10+00:00","og_image":[{"width":2956,"height":1302,"url":"https:\/\/doplay.es\/wp-content\/uploads\/2024\/05\/CUENTA-ATRAS.png","type":"image\/png"}],"twitter_card":"summary_large_image","twitter_misc":{"Est. reading time":"7 minutes"},"schema":{"@context":"https:\/\/schema.org","@graph":[{"@type":"WebPage","@id":"https:\/\/doplay.es\/producto\/reto-espacial-diseno-y-robotica\/","url":"https:\/\/doplay.es\/producto\/reto-espacial-diseno-y-robotica\/","name":"Actividades infantiles Navidad Donostia Gipuzkoa","isPartOf":{"@id":"https:\/\/doplay.es\/#website"},"primaryImageOfPage":{"@id":"https:\/\/doplay.es\/producto\/reto-espacial-diseno-y-robotica\/#primaryimage"},"image":{"@id":"https:\/\/doplay.es\/producto\/reto-espacial-diseno-y-robotica\/#primaryimage"},"thumbnailUrl":"https:\/\/doplay.es\/wp-content\/uploads\/2024\/05\/CUENTA-ATRAS.png","datePublished":"2024-05-08T14:38:16+00:00","dateModified":"2026-04-28T08:38:10+00:00","description":"Actividades infantiles Navidad Donostia Gipuzkoa para ni\u00f1os y j\u00f3venes. Haurrentzako eta gazteentzako jarduerak familian Gabonak Donostia Gipuzkoa","breadcrumb":{"@id":"https:\/\/doplay.es\/producto\/reto-espacial-diseno-y-robotica\/#breadcrumb"},"inLanguage":"eu-ES","potentialAction":[{"@type":"ReadAction","target":["https:\/\/doplay.es\/producto\/reto-espacial-diseno-y-robotica\/"]}]},{"@type":"ImageObject","inLanguage":"eu-ES","@id":"https:\/\/doplay.es\/producto\/reto-espacial-diseno-y-robotica\/#primaryimage","url":"https:\/\/doplay.es\/wp-content\/uploads\/2024\/05\/CUENTA-ATRAS.png","contentUrl":"https:\/\/doplay.es\/wp-content\/uploads\/2024\/05\/CUENTA-ATRAS.png","width":2956,"height":1302},{"@type":"BreadcrumbList","@id":"https:\/\/doplay.es\/producto\/reto-espacial-diseno-y-robotica\/#breadcrumb","itemListElement":[{"@type":"ListItem","position":1,"name":"Portada","item":"https:\/\/doplay.es\/eu\/teknologia-extraeskolarrak-steam-tailerrak\/"},{"@type":"ListItem","position":2,"name":"Shop","item":"https:\/\/doplay.es\/eu\/shop\/"},{"@type":"ListItem","position":3,"name":"RETO ESPACIAL. DISE\u00d1O y ROB\u00d3TICA."}]},{"@type":"WebSite","@id":"https:\/\/doplay.es\/#website","url":"https:\/\/doplay.es\/","name":"DOPLAY","description":"Aprender haciendo","alternateName":"Talleres Rob\u00f3tica","potentialAction":[{"@type":"SearchAction","target":{"@type":"EntryPoint","urlTemplate":"https:\/\/doplay.es\/?s={search_term_string}"},"query-input":{"@type":"PropertyValueSpecification","valueRequired":true,"valueName":"search_term_string"}}],"inLanguage":"eu-ES"}]}},"_links":{"self":[{"href":"https:\/\/doplay.es\/eu\/wp-json\/wp\/v2\/product\/14621","targetHints":{"allow":["GET"]}}],"collection":[{"href":"https:\/\/doplay.es\/eu\/wp-json\/wp\/v2\/product"}],"about":[{"href":"https:\/\/doplay.es\/eu\/wp-json\/wp\/v2\/types\/product"}],"wp:featuredmedia":[{"embeddable":true,"href":"https:\/\/doplay.es\/eu\/wp-json\/wp\/v2\/media\/14630"}],"wp:attachment":[{"href":"https:\/\/doplay.es\/eu\/wp-json\/wp\/v2\/media?parent=14621"}],"wp:term":[{"taxonomy":"product_brand","embeddable":true,"href":"https:\/\/doplay.es\/eu\/wp-json\/wp\/v2\/product_brand?post=14621"},{"taxonomy":"product_cat","embeddable":true,"href":"https:\/\/doplay.es\/eu\/wp-json\/wp\/v2\/product_cat?post=14621"},{"taxonomy":"product_tag","embeddable":true,"href":"https:\/\/doplay.es\/eu\/wp-json\/wp\/v2\/product_tag?post=14621"}],"curies":[{"name":"wp","href":"https:\/\/api.w.org\/{rel}","templated":true}]}}