{"id":19522,"date":"2025-03-10T19:04:47","date_gmt":"2025-03-10T18:04:47","guid":{"rendered":"https:\/\/doplay.es\/producto\/fall-guys-jokoaren-diseinua-minecraft-ekin\/"},"modified":"2025-03-31T09:13:46","modified_gmt":"2025-03-31T07:13:46","slug":"fall-guys-jokoaren-diseinua-minecraft-ekin","status":"publish","type":"product","link":"https:\/\/doplay.es\/eu\/producto\/fall-guys-jokoaren-diseinua-minecraft-ekin\/","title":{"rendered":"FALL GUYS jokoaren diseinua MINECRAFT-ekin"},"content":{"rendered":"<div class=\"page\" title=\"Page 1\">\n<h4>Helburua, Minecraft-en bitartez, gure <span style=\"color: #ff0000;\">FALL GUYS mundua sortu, diseinatu, modelatu eta konfiguratzea da<\/span>, azken urteetako joko ezagunenetako bat. Bakarka eta taldeka gure bideo-jokoa sortzeko planteatutako erronkak gainditzeko hainbat gaitasun tekniko eta zeharkako landuko ditugu. Azkenik, guztion artean sortutako bideo-jokoan jolastuko dugu.<\/h4>\n<h3 class=\"section\"><span style=\"color: #0000ff;\"><img loading=\"lazy\" decoding=\"async\" class=\"alignnone size-full wp-image-19403\" src=\"https:\/\/doplay.es\/wp-content\/uploads\/2025\/03\/MUNDO-FALL-GUYS.jpg\" alt=\"\" width=\"1920\" height=\"1080\" srcset=\"https:\/\/doplay.es\/wp-content\/uploads\/2025\/03\/MUNDO-FALL-GUYS.jpg 1920w, https:\/\/doplay.es\/wp-content\/uploads\/2025\/03\/MUNDO-FALL-GUYS-300x169.jpg 300w, https:\/\/doplay.es\/wp-content\/uploads\/2025\/03\/MUNDO-FALL-GUYS-1024x576.jpg 1024w, https:\/\/doplay.es\/wp-content\/uploads\/2025\/03\/MUNDO-FALL-GUYS-768x432.jpg 768w, https:\/\/doplay.es\/wp-content\/uploads\/2025\/03\/MUNDO-FALL-GUYS-1536x864.jpg 1536w, https:\/\/doplay.es\/wp-content\/uploads\/2025\/03\/MUNDO-FALL-GUYS-270x153.jpg 270w, https:\/\/doplay.es\/wp-content\/uploads\/2025\/03\/MUNDO-FALL-GUYS-600x338.jpg 600w\" sizes=\"auto, (max-width: 1920px) 100vw, 1920px\" \/>TAILERRAREN PLANA:<\/span><\/h3>\n<ul>\n<li>\n<h4><span style=\"color: #0000ff;\">1. Misioa<\/span>: Jokalari anitzeko mundu bat sortzea, ordenagailu bat zerbitzari bihurtuko dugu.<\/h4>\n<\/li>\n<li>\n<h4><span style=\"color: #0000ff;\">2. Misioa:<\/span> lehen proba edo minijokoa sortzea, oztopo lasterketa bat, hauetako bat mugimenduan dagoela.<\/h4>\n<\/li>\n<li>\n<h4><span style=\"color: #0000ff;\">3. Misioa:<\/span> bigarren proba sortzea, kasu honetan oztopodun hodi birakari bat, bertatik erori ahal izateko.<\/h4>\n<\/li>\n<li>\n<h4><span style=\"color: #0000ff;\">4. Misioa :<\/span> Azken proba sortzea, barra birakari bat salto egin behar izatea gure lekuan gaudela.<\/h4>\n<\/li>\n<li>\n<h4><span style=\"color: #0000ff;\">5. Misioa:<\/span> Mundua amaitzea joko funtzional bat egiteko behar diren komandoak konfiguratuz.<\/h4>\n<\/li>\n<\/ul>\n<\/div>\n<div class=\"page\" title=\"Page 3\">\n<div class=\"section\">\n<div class=\"layoutArea\">\n<div class=\"column\">\n<div class=\"page\" title=\"Page 1\">\n<div class=\"section\">\n<h3 class=\"layoutArea\"><span style=\"color: #0000ff;\">PROIEKTUA GARATZEKO FASEAK<\/span><\/h3>\n<h4>1. fasea: Planifikazioa eta Diseinatzea<\/h4>\n<ul>\n<li>\n<h4>Mekanika nagusiak definitu (oztopoak).<\/h4>\n<\/li>\n<li>\n<h4>Tresnak aukeratu (Command Block-ak, plugin-ak, datapack-ak edo mod-ak).<\/h4>\n<\/li>\n<li>\n<h4>Mapen eta minijokoen lehen zirriborroa diseinatu.<\/h4>\n<\/li>\n<li>\n<h4>Taldean lan eginez gero, lanak banatu (eraikuntza, komandoak, probak).<\/h4>\n<\/li>\n<\/ul>\n<h4>2. fasea: Mapak eta oztopoak sortzea<\/h4>\n<ul>\n<li>\n<h4>Gutxienez oztopo dibertigarriak dituzten 3 minijoko eraiki: oztopo lasterketa, oztopodun arrabola eta barra saltatzea.<\/h4>\n<\/li>\n<\/ul>\n<h4>3. fasea: Testatu eta Optimizatzea<\/h4>\n<ul>\n<li>\n<h4>Lagunekin proba saioak egin.<\/h4>\n<\/li>\n<li>\n<h4>Mailen zailtasuna doitu.<\/h4>\n<\/li>\n<li>\n<h4>Lag-a eta errendimendua optimizatu (gehiegizko komandoak saihestea).<\/h4>\n<\/li>\n<li>\n<h4>Edozein bug edo exploit konpondu.<\/h4>\n<\/li>\n<\/ul>\n<h4>4. fasea: argitaratu eta hedatzea<\/h4>\n<ul>\n<li>\n<h4>Zerbitzari bat sortu.<\/h4>\n<\/li>\n<li>\n<h4>Jokalarien feedback-aren araberako mapa berriak eta hobekuntzak gehitu.<\/h4>\n<\/li>\n<\/ul>\n<\/div>\n<\/div>\n<\/div>\n<\/div>\n<\/div>\n<\/div>\n","protected":false},"excerpt":{"rendered":"<h4>DONOSTI &#8211; EDIFICIO EKINN. Alto de San Bartolom\u00e9 16<\/h4>\n<p>Apirilaren 14-16, 9.00etatik 13.30etara<\/p>\n<p><img loading=\"lazy\" decoding=\"async\" class=\"size-full wp-image-19408\" src=\"https:\/\/doplay.es\/wp-content\/uploads\/2025\/03\/SALAS-EKINN-scaled.jpg\" alt=\"\" width=\"2560\" height=\"497\" srcset=\"https:\/\/doplay.es\/wp-content\/uploads\/2025\/03\/SALAS-EKINN-scaled.jpg 2560w, https:\/\/doplay.es\/wp-content\/uploads\/2025\/03\/SALAS-EKINN-300x58.jpg 300w, https:\/\/doplay.es\/wp-content\/uploads\/2025\/03\/SALAS-EKINN-1024x199.jpg 1024w, https:\/\/doplay.es\/wp-content\/uploads\/2025\/03\/SALAS-EKINN-768x149.jpg 768w, https:\/\/doplay.es\/wp-content\/uploads\/2025\/03\/SALAS-EKINN-1536x298.jpg 1536w, https:\/\/doplay.es\/wp-content\/uploads\/2025\/03\/SALAS-EKINN-2048x398.jpg 2048w, https:\/\/doplay.es\/wp-content\/uploads\/2025\/03\/SALAS-EKINN-600x117.jpg 600w\" sizes=\"auto, (max-width: 2560px) 100vw, 2560px\" \/><\/p>\n","protected":false},"featured_media":19397,"template":"","meta":[],"product_brand":[],"product_cat":[685,686],"product_tag":[688,687],"class_list":{"0":"post-19522","1":"product","2":"type-product","3":"status-publish","4":"has-post-thumbnail","6":"product_cat-07-10-urte-eu","7":"product_cat-11-13-anos-eu","8":"product_tag-14-al-16-de-abril-eu","9":"product_tag-donosti-edificio-ekinn-eu","11":"first","12":"instock","13":"sale","14":"shipping-taxable","15":"purchasable","16":"product-type-simple"},"yoast_head":"<!-- This site is optimized with the Yoast SEO plugin v27.3 - https:\/\/yoast.com\/product\/yoast-seo-wordpress\/ -->\n<title>Taller Tecnol\u00f3gico MINECRAFT Semana Santa en Donosti. Edificio EKINN.<\/title>\n<meta name=\"description\" content=\"Colonias tecnol\u00f3gicas de Semana Santa y Pascua en Donosti-Gipuzkoa para ni\u00f1os y j\u00f3venes. MINECRAFT, Programaci\u00f3n y Desarrollo de Videojuegos.\" \/>\n<meta name=\"robots\" content=\"index, follow, max-snippet:-1, max-image-preview:large, max-video-preview:-1\" \/>\n<link rel=\"canonical\" href=\"https:\/\/doplay.es\/eu\/producto\/fall-guys-jokoaren-diseinua-minecraft-ekin\/\" \/>\n<meta property=\"og:locale\" content=\"eu_ES\" \/>\n<meta property=\"og:type\" content=\"article\" \/>\n<meta property=\"og:title\" content=\"Taller Tecnol\u00f3gico MINECRAFT Semana Santa en Donosti. Edificio EKINN.\" \/>\n<meta property=\"og:description\" content=\"Colonias tecnol\u00f3gicas de Semana Santa y Pascua en Donosti-Gipuzkoa para ni\u00f1os y j\u00f3venes. MINECRAFT, Programaci\u00f3n y Desarrollo de Videojuegos.\" \/>\n<meta property=\"og:url\" content=\"https:\/\/doplay.es\/eu\/producto\/fall-guys-jokoaren-diseinua-minecraft-ekin\/\" \/>\n<meta property=\"og:site_name\" content=\"DOPLAY\" \/>\n<meta property=\"article:modified_time\" content=\"2025-03-31T07:13:46+00:00\" \/>\n<meta property=\"og:image\" content=\"https:\/\/doplay.es\/wp-content\/uploads\/2025\/03\/MINECRAFT-FALL-GUYS.jpg\" \/>\n\t<meta property=\"og:image:width\" content=\"1280\" \/>\n\t<meta property=\"og:image:height\" content=\"720\" \/>\n\t<meta property=\"og:image:type\" content=\"image\/jpeg\" \/>\n<meta name=\"twitter:card\" content=\"summary_large_image\" \/>\n<meta name=\"twitter:label1\" content=\"Est. reading time\" \/>\n\t<meta name=\"twitter:data1\" content=\"2 minutes\" \/>\n<script type=\"application\/ld+json\" class=\"yoast-schema-graph\">{\"@context\":\"https:\\\/\\\/schema.org\",\"@graph\":[{\"@type\":\"WebPage\",\"@id\":\"https:\\\/\\\/doplay.es\\\/eu\\\/producto\\\/fall-guys-jokoaren-diseinua-minecraft-ekin\\\/\",\"url\":\"https:\\\/\\\/doplay.es\\\/eu\\\/producto\\\/fall-guys-jokoaren-diseinua-minecraft-ekin\\\/\",\"name\":\"Taller Tecnol\u00f3gico MINECRAFT Semana Santa en Donosti. Edificio EKINN.\",\"isPartOf\":{\"@id\":\"https:\\\/\\\/doplay.es\\\/#website\"},\"primaryImageOfPage\":{\"@id\":\"https:\\\/\\\/doplay.es\\\/eu\\\/producto\\\/fall-guys-jokoaren-diseinua-minecraft-ekin\\\/#primaryimage\"},\"image\":{\"@id\":\"https:\\\/\\\/doplay.es\\\/eu\\\/producto\\\/fall-guys-jokoaren-diseinua-minecraft-ekin\\\/#primaryimage\"},\"thumbnailUrl\":\"https:\\\/\\\/doplay.es\\\/wp-content\\\/uploads\\\/2025\\\/03\\\/MINECRAFT-FALL-GUYS.jpg\",\"datePublished\":\"2025-03-10T18:04:47+00:00\",\"dateModified\":\"2025-03-31T07:13:46+00:00\",\"description\":\"Colonias tecnol\u00f3gicas de Semana Santa y Pascua en Donosti-Gipuzkoa para ni\u00f1os y j\u00f3venes. MINECRAFT, Programaci\u00f3n y Desarrollo de Videojuegos.\",\"breadcrumb\":{\"@id\":\"https:\\\/\\\/doplay.es\\\/eu\\\/producto\\\/fall-guys-jokoaren-diseinua-minecraft-ekin\\\/#breadcrumb\"},\"inLanguage\":\"eu-ES\",\"potentialAction\":[{\"@type\":\"ReadAction\",\"target\":[\"https:\\\/\\\/doplay.es\\\/eu\\\/producto\\\/fall-guys-jokoaren-diseinua-minecraft-ekin\\\/\"]}]},{\"@type\":\"ImageObject\",\"inLanguage\":\"eu-ES\",\"@id\":\"https:\\\/\\\/doplay.es\\\/eu\\\/producto\\\/fall-guys-jokoaren-diseinua-minecraft-ekin\\\/#primaryimage\",\"url\":\"https:\\\/\\\/doplay.es\\\/wp-content\\\/uploads\\\/2025\\\/03\\\/MINECRAFT-FALL-GUYS.jpg\",\"contentUrl\":\"https:\\\/\\\/doplay.es\\\/wp-content\\\/uploads\\\/2025\\\/03\\\/MINECRAFT-FALL-GUYS.jpg\",\"width\":1280,\"height\":720},{\"@type\":\"BreadcrumbList\",\"@id\":\"https:\\\/\\\/doplay.es\\\/eu\\\/producto\\\/fall-guys-jokoaren-diseinua-minecraft-ekin\\\/#breadcrumb\",\"itemListElement\":[{\"@type\":\"ListItem\",\"position\":1,\"name\":\"Portada\",\"item\":\"https:\\\/\\\/doplay.es\\\/eu\\\/\"},{\"@type\":\"ListItem\",\"position\":2,\"name\":\"Shop\",\"item\":\"https:\\\/\\\/doplay.es\\\/eu\\\/shop\\\/\"},{\"@type\":\"ListItem\",\"position\":3,\"name\":\"FALL GUYS jokoaren diseinua MINECRAFT-ekin\"}]},{\"@type\":\"WebSite\",\"@id\":\"https:\\\/\\\/doplay.es\\\/#website\",\"url\":\"https:\\\/\\\/doplay.es\\\/\",\"name\":\"DOPLAY\",\"description\":\"Aprender haciendo\",\"alternateName\":\"Talleres Rob\u00f3tica\",\"potentialAction\":[{\"@type\":\"SearchAction\",\"target\":{\"@type\":\"EntryPoint\",\"urlTemplate\":\"https:\\\/\\\/doplay.es\\\/?s={search_term_string}\"},\"query-input\":{\"@type\":\"PropertyValueSpecification\",\"valueRequired\":true,\"valueName\":\"search_term_string\"}}],\"inLanguage\":\"eu-ES\"}]}<\/script>\n<!-- \/ Yoast SEO plugin. -->","yoast_head_json":{"title":"Taller Tecnol\u00f3gico MINECRAFT Semana Santa en Donosti. Edificio EKINN.","description":"Colonias tecnol\u00f3gicas de Semana Santa y Pascua en Donosti-Gipuzkoa para ni\u00f1os y j\u00f3venes. MINECRAFT, Programaci\u00f3n y Desarrollo de Videojuegos.","robots":{"index":"index","follow":"follow","max-snippet":"max-snippet:-1","max-image-preview":"max-image-preview:large","max-video-preview":"max-video-preview:-1"},"canonical":"https:\/\/doplay.es\/eu\/producto\/fall-guys-jokoaren-diseinua-minecraft-ekin\/","og_locale":"eu_ES","og_type":"article","og_title":"Taller Tecnol\u00f3gico MINECRAFT Semana Santa en Donosti. Edificio EKINN.","og_description":"Colonias tecnol\u00f3gicas de Semana Santa y Pascua en Donosti-Gipuzkoa para ni\u00f1os y j\u00f3venes. MINECRAFT, Programaci\u00f3n y Desarrollo de Videojuegos.","og_url":"https:\/\/doplay.es\/eu\/producto\/fall-guys-jokoaren-diseinua-minecraft-ekin\/","og_site_name":"DOPLAY","article_modified_time":"2025-03-31T07:13:46+00:00","og_image":[{"width":1280,"height":720,"url":"https:\/\/doplay.es\/wp-content\/uploads\/2025\/03\/MINECRAFT-FALL-GUYS.jpg","type":"image\/jpeg"}],"twitter_card":"summary_large_image","twitter_misc":{"Est. reading time":"2 minutes"},"schema":{"@context":"https:\/\/schema.org","@graph":[{"@type":"WebPage","@id":"https:\/\/doplay.es\/eu\/producto\/fall-guys-jokoaren-diseinua-minecraft-ekin\/","url":"https:\/\/doplay.es\/eu\/producto\/fall-guys-jokoaren-diseinua-minecraft-ekin\/","name":"Taller Tecnol\u00f3gico MINECRAFT Semana Santa en Donosti. Edificio EKINN.","isPartOf":{"@id":"https:\/\/doplay.es\/#website"},"primaryImageOfPage":{"@id":"https:\/\/doplay.es\/eu\/producto\/fall-guys-jokoaren-diseinua-minecraft-ekin\/#primaryimage"},"image":{"@id":"https:\/\/doplay.es\/eu\/producto\/fall-guys-jokoaren-diseinua-minecraft-ekin\/#primaryimage"},"thumbnailUrl":"https:\/\/doplay.es\/wp-content\/uploads\/2025\/03\/MINECRAFT-FALL-GUYS.jpg","datePublished":"2025-03-10T18:04:47+00:00","dateModified":"2025-03-31T07:13:46+00:00","description":"Colonias tecnol\u00f3gicas de Semana Santa y Pascua en Donosti-Gipuzkoa para ni\u00f1os y j\u00f3venes. MINECRAFT, Programaci\u00f3n y Desarrollo de Videojuegos.","breadcrumb":{"@id":"https:\/\/doplay.es\/eu\/producto\/fall-guys-jokoaren-diseinua-minecraft-ekin\/#breadcrumb"},"inLanguage":"eu-ES","potentialAction":[{"@type":"ReadAction","target":["https:\/\/doplay.es\/eu\/producto\/fall-guys-jokoaren-diseinua-minecraft-ekin\/"]}]},{"@type":"ImageObject","inLanguage":"eu-ES","@id":"https:\/\/doplay.es\/eu\/producto\/fall-guys-jokoaren-diseinua-minecraft-ekin\/#primaryimage","url":"https:\/\/doplay.es\/wp-content\/uploads\/2025\/03\/MINECRAFT-FALL-GUYS.jpg","contentUrl":"https:\/\/doplay.es\/wp-content\/uploads\/2025\/03\/MINECRAFT-FALL-GUYS.jpg","width":1280,"height":720},{"@type":"BreadcrumbList","@id":"https:\/\/doplay.es\/eu\/producto\/fall-guys-jokoaren-diseinua-minecraft-ekin\/#breadcrumb","itemListElement":[{"@type":"ListItem","position":1,"name":"Portada","item":"https:\/\/doplay.es\/eu\/"},{"@type":"ListItem","position":2,"name":"Shop","item":"https:\/\/doplay.es\/eu\/shop\/"},{"@type":"ListItem","position":3,"name":"FALL GUYS jokoaren diseinua MINECRAFT-ekin"}]},{"@type":"WebSite","@id":"https:\/\/doplay.es\/#website","url":"https:\/\/doplay.es\/","name":"DOPLAY","description":"Aprender haciendo","alternateName":"Talleres Rob\u00f3tica","potentialAction":[{"@type":"SearchAction","target":{"@type":"EntryPoint","urlTemplate":"https:\/\/doplay.es\/?s={search_term_string}"},"query-input":{"@type":"PropertyValueSpecification","valueRequired":true,"valueName":"search_term_string"}}],"inLanguage":"eu-ES"}]}},"_links":{"self":[{"href":"https:\/\/doplay.es\/eu\/wp-json\/wp\/v2\/product\/19522","targetHints":{"allow":["GET"]}}],"collection":[{"href":"https:\/\/doplay.es\/eu\/wp-json\/wp\/v2\/product"}],"about":[{"href":"https:\/\/doplay.es\/eu\/wp-json\/wp\/v2\/types\/product"}],"wp:featuredmedia":[{"embeddable":true,"href":"https:\/\/doplay.es\/eu\/wp-json\/wp\/v2\/media\/19397"}],"wp:attachment":[{"href":"https:\/\/doplay.es\/eu\/wp-json\/wp\/v2\/media?parent=19522"}],"wp:term":[{"taxonomy":"product_brand","embeddable":true,"href":"https:\/\/doplay.es\/eu\/wp-json\/wp\/v2\/product_brand?post=19522"},{"taxonomy":"product_cat","embeddable":true,"href":"https:\/\/doplay.es\/eu\/wp-json\/wp\/v2\/product_cat?post=19522"},{"taxonomy":"product_tag","embeddable":true,"href":"https:\/\/doplay.es\/eu\/wp-json\/wp\/v2\/product_tag?post=19522"}],"curies":[{"name":"wp","href":"https:\/\/api.w.org\/{rel}","templated":true}]}}