{"id":19527,"date":"2025-03-10T17:32:37","date_gmt":"2025-03-10T16:32:37","guid":{"rendered":"https:\/\/doplay.es\/producto\/aquapark-aren-diseinua-eta-programazioa-roblox-en-2\/"},"modified":"2025-03-21T11:29:22","modified_gmt":"2025-03-21T10:29:22","slug":"aquapark-aren-diseinua-eta-programazioa-roblox-en-2","status":"publish","type":"product","link":"https:\/\/doplay.es\/eu\/producto\/aquapark-aren-diseinua-eta-programazioa-roblox-en-2\/","title":{"rendered":"AQUAPARK-aren diseinua eta programazioa ROBLOX-en"},"content":{"rendered":"<div class=\"page\" title=\"Page 1\">\n<div class=\"section\">\n<h3><span style=\"color: #0000ff;\">TAILERRAREN PLANA:<\/span><\/h3>\n<ul>\n<li>\n<h4><span style=\"color: #0000ff;\">1. MISIOA<\/span>: Uretako txirrista erraldoi bat gainditu eta inguratzen duen OBBY-A<\/h4>\n<\/li>\n<li>\n<h4><span style=\"color: #0000ff;\">2. MISIOA<\/span>: ALTXORREN BILAKETA. Aurkitu itzazu 5 altxor igerileku baten hondoan ezkutatuta.<\/h4>\n<\/li>\n<li>\n<h4><span style=\"color: #0000ff;\">3. MISIOA<\/span>: TXALUPA LASTERKETA. Har ezazu parte TXALUPA LASTERKETAN ur-lasterrak dituen ibai batetan zehar.<\/h4>\n<\/li>\n<li>\n<h4><span style=\"color: #0000ff;\">4. MISIOA<\/span>: ERRESKATEA UR-JAUZIAN. Ur-jauzian harrapatuta geratu den lagun bat erreskatatzea, plataforma flotatzaile batzuetan salto eginez<\/h4>\n<\/li>\n<li>\n<h4><span style=\"color: #0000ff;\">5. MISIOA<\/span>: ITURRI BATEN ERAIKUNTZA \u2013 Aurkitu parkearen erdian iturri interaktibo bat eraikitzeko behar dituzun materialak.<\/h4>\n<\/li>\n<\/ul>\n<\/div>\n<\/div>\n<div class=\"page\" title=\"Page 3\">\n<div class=\"section\">\n<div class=\"layoutArea\">\n<div class=\"column\">\n<div class=\"page\" title=\"Page 1\">\n<div class=\"section\">\n<div class=\"layoutArea\">\n<p><img loading=\"lazy\" decoding=\"async\" class=\"size-full wp-image-19380\" src=\"https:\/\/doplay.es\/wp-content\/uploads\/2025\/03\/ROBLOX-AQUAPARK-scaled.jpg\" alt=\"\" width=\"2560\" height=\"1314\" srcset=\"https:\/\/doplay.es\/wp-content\/uploads\/2025\/03\/ROBLOX-AQUAPARK-scaled.jpg 2560w, https:\/\/doplay.es\/wp-content\/uploads\/2025\/03\/ROBLOX-AQUAPARK-300x154.jpg 300w, https:\/\/doplay.es\/wp-content\/uploads\/2025\/03\/ROBLOX-AQUAPARK-1024x526.jpg 1024w, https:\/\/doplay.es\/wp-content\/uploads\/2025\/03\/ROBLOX-AQUAPARK-768x394.jpg 768w, https:\/\/doplay.es\/wp-content\/uploads\/2025\/03\/ROBLOX-AQUAPARK-1536x788.jpg 1536w, https:\/\/doplay.es\/wp-content\/uploads\/2025\/03\/ROBLOX-AQUAPARK-2048x1051.jpg 2048w, https:\/\/doplay.es\/wp-content\/uploads\/2025\/03\/ROBLOX-AQUAPARK-840x430.jpg 840w, https:\/\/doplay.es\/wp-content\/uploads\/2025\/03\/ROBLOX-AQUAPARK-600x308.jpg 600w\" sizes=\"auto, (max-width: 2560px) 100vw, 2560px\" \/><\/p>\n<h4><span style=\"color: #0000ff;\"><img loading=\"lazy\" decoding=\"async\" class=\"alignnone size-full wp-image-19382\" src=\"https:\/\/doplay.es\/wp-content\/uploads\/2025\/03\/FUENTE-AQUAPARK.png\" alt=\"\" width=\"1920\" height=\"1080\" srcset=\"https:\/\/doplay.es\/wp-content\/uploads\/2025\/03\/FUENTE-AQUAPARK.png 1920w, https:\/\/doplay.es\/wp-content\/uploads\/2025\/03\/FUENTE-AQUAPARK-300x169.png 300w, https:\/\/doplay.es\/wp-content\/uploads\/2025\/03\/FUENTE-AQUAPARK-1024x576.png 1024w, https:\/\/doplay.es\/wp-content\/uploads\/2025\/03\/FUENTE-AQUAPARK-768x432.png 768w, https:\/\/doplay.es\/wp-content\/uploads\/2025\/03\/FUENTE-AQUAPARK-1536x864.png 1536w, https:\/\/doplay.es\/wp-content\/uploads\/2025\/03\/FUENTE-AQUAPARK-270x153.png 270w, https:\/\/doplay.es\/wp-content\/uploads\/2025\/03\/FUENTE-AQUAPARK-600x338.png 600w\" sizes=\"auto, (max-width: 1920px) 100vw, 1920px\" \/><\/span><\/h4>\n<h3><span style=\"color: #0000ff;\">PROIEKTUA GARATZEKO FASEAK<\/span><\/h3>\n<h4>1. fasea. Planifikazioa eta Diseinatzea<\/h4>\n<ul>\n<li>\n<h4>Aquapark-aren kontzeptualizazioa. Mapa diseinatu (ur-eremuak, bideak, atsedenlekuak, etab.)<\/h4>\n<\/li>\n<li>\n<h4>Misio bakoitzaren mekanika erabaki, oztopoak, bilatu beharreko objektuak eta misioetarako gertaerak barne.<\/h4>\n<\/li>\n<li>\n<h4>Proiektuaren eskema orokor bat sortu, misio guztiak buruan ditugula, eremu guztiak konektatuta daudela eta irisgarriak direla ziurtatu.<\/h4>\n<\/li>\n<\/ul>\n<h4>2. fasea. Lurra sortu eta oinarrizko diseinua<\/h4>\n<ul>\n<li>\n<h4>Aquapark-eko lurra modelatu, igerilekuak, txirristak, ur-jauziak eta misioetarako eremuak barne. Roblox Studioko \u201cTerrain\u201d modulua erabili ko dugu mendiak, ura eta bideak sortzeko.<\/h4>\n<\/li>\n<li>\n<h4>Zuhaitzak, eguzkitakoak eta atseden guneak bezalako xehetasunak gehitu. Ikusizko efektuak konfiguratu ura eta eremu bustiak simulatzeko. Misioetarako, bilaketarako altxorrak bezalako objektu interaktiboak sortu.<\/h4>\n<\/li>\n<\/ul>\n<h4>3. fasea. Misioak garatzea<\/h4>\n<ul>\n<li>\n<h4>Lehenengo misiorako obby-a sortu. Roblox Studioren \u201cParts\u201d sistema erabili oztopoak sortzeko. Kliskagailuak (trigger-ak) sortu, jokalaria dagokion eremuan sartzen denean misioa has dadin.<\/h4>\n<\/li>\n<li>\n<h4><span style=\"color: #ff0000;\">Altxorrak bilatzearen eta txalupa lasterketaren misioak programatu.<\/span> Roblox-eko script-ak erabili objektuen bilketa eta txalupen kontrolak kudeatzeko. <span style=\"color: #ff0000;\">Erreskate-misioa programatu<\/span>, jokalariek plataformaz plataforma salto egin dezaketela ziurtatuz.<\/h4>\n<\/li>\n<\/ul>\n<h4>4. fasea. Interaktibitatea eta Script-ak sortzea<\/h4>\n<ul>\n<li>\n<h4><span style=\"color: #ff0000;\">Misioen kontrola eramateko, LUA-n script-ak idatzi<\/span>. Aurrerapen sistema: jokalariek misio bakoitza bete behar dute hurrengoa desblokeatzeko. Sari-sistema: misio bat osatzean, jokalariek txanponak edo artikuluak jasoko dituzte. Objektuekiko interakzioa: jokalariek altxorrak jasotzeko eta iturriak aktibatzeko aukera izan behar dute.<\/h4>\n<\/li>\n<\/ul>\n<h4>5. fasea. Probak eta optimizazioa<\/h4>\n<ul>\n<li>\n<h4>Jokoaren akatsak zuzentzeko eta diseinua doitzeko probak egin. Obby-en eta misioen zailtasuna egiaztatu. Txalupen eta ur-jauzien mekanikak ongi gaudela ziurtatu. Jokoaren performance-a optimizatzea esperientzia leun bat ziurtatzeko.<\/h4>\n<\/li>\n<\/ul>\n<h4>6. fasea. Amaiera eta argitaratzea<\/h4>\n<ul>\n<li>\n<h4>Jokoaren azken berrikuspena, probak hainbat gailutan, eta azken orduko doikuntzak. Musika eta soinu-efektuak gehitu esperientzia hobetzeko. Jokoa Roblox-en argitaratu eta komunitatean sustatu.<\/h4>\n<\/li>\n<\/ul>\n<\/div>\n<\/div>\n<\/div>\n<\/div>\n<\/div>\n<\/div>\n<\/div>\n","protected":false},"excerpt":{"rendered":"<h4>DONOSTI \u2013 EDIFICIO EKINN. Alto de San Bartolom\u00e9 16<\/h4>\n<h4>Apirilaren 22-25, 9:00etatik 13:30etara<\/h4>\n<p><img loading=\"lazy\" decoding=\"async\" class=\"size-full wp-image-19408\" src=\"https:\/\/doplay.es\/wp-content\/uploads\/2025\/03\/SALAS-EKINN-scaled.jpg\" alt=\"\" width=\"2560\" height=\"497\" srcset=\"https:\/\/doplay.es\/wp-content\/uploads\/2025\/03\/SALAS-EKINN-scaled.jpg 2560w, https:\/\/doplay.es\/wp-content\/uploads\/2025\/03\/SALAS-EKINN-300x58.jpg 300w, https:\/\/doplay.es\/wp-content\/uploads\/2025\/03\/SALAS-EKINN-1024x199.jpg 1024w, https:\/\/doplay.es\/wp-content\/uploads\/2025\/03\/SALAS-EKINN-768x149.jpg 768w, https:\/\/doplay.es\/wp-content\/uploads\/2025\/03\/SALAS-EKINN-1536x298.jpg 1536w, https:\/\/doplay.es\/wp-content\/uploads\/2025\/03\/SALAS-EKINN-2048x398.jpg 2048w, https:\/\/doplay.es\/wp-content\/uploads\/2025\/03\/SALAS-EKINN-600x117.jpg 600w\" sizes=\"auto, (max-width: 2560px) 100vw, 2560px\" \/><\/p>\n","protected":false},"featured_media":19385,"template":"","meta":[],"product_brand":[],"product_cat":[685,686],"product_tag":[690,687],"class_list":{"0":"post-19527","1":"product","2":"type-product","3":"status-publish","4":"has-post-thumbnail","6":"product_cat-07-10-urte-eu","7":"product_cat-11-13-anos-eu","8":"product_tag-22-al-25-de-abril-eu","9":"product_tag-donosti-edificio-ekinn-eu","11":"first","12":"instock","13":"sale","14":"shipping-taxable","15":"purchasable","16":"product-type-simple"},"yoast_head":"<!-- This site is optimized with the Yoast SEO plugin v27.3 - https:\/\/yoast.com\/product\/yoast-seo-wordpress\/ -->\n<title>Taller Tecnol\u00f3gico ROBLOX Semana Santa en Donosti. Edificio EKINN.<\/title>\n<meta name=\"description\" content=\"Colonias tecnol\u00f3gicas de Semana Santa y Pascua en Donosti-Gipuzkoa para ni\u00f1os y j\u00f3venes. ROBLOX, Programaci\u00f3n y Desarrollo de Videojuegos.\" \/>\n<meta name=\"robots\" content=\"index, follow, max-snippet:-1, max-image-preview:large, max-video-preview:-1\" \/>\n<link rel=\"canonical\" href=\"https:\/\/doplay.es\/eu\/producto\/aquapark-aren-diseinua-eta-programazioa-roblox-en-2\/\" \/>\n<meta property=\"og:locale\" content=\"eu_ES\" \/>\n<meta property=\"og:type\" content=\"article\" \/>\n<meta property=\"og:title\" content=\"Taller Tecnol\u00f3gico ROBLOX Semana Santa en Donosti. Edificio EKINN.\" \/>\n<meta property=\"og:description\" content=\"Colonias tecnol\u00f3gicas de Semana Santa y Pascua en Donosti-Gipuzkoa para ni\u00f1os y j\u00f3venes. ROBLOX, Programaci\u00f3n y Desarrollo de Videojuegos.\" \/>\n<meta property=\"og:url\" content=\"https:\/\/doplay.es\/eu\/producto\/aquapark-aren-diseinua-eta-programazioa-roblox-en-2\/\" \/>\n<meta property=\"og:site_name\" content=\"DOPLAY\" \/>\n<meta property=\"article:modified_time\" content=\"2025-03-21T10:29:22+00:00\" \/>\n<meta property=\"og:image\" content=\"https:\/\/doplay.es\/wp-content\/uploads\/2025\/03\/AQUAPARK-DOPLAY.jpg\" \/>\n\t<meta property=\"og:image:width\" content=\"2494\" \/>\n\t<meta property=\"og:image:height\" content=\"1424\" \/>\n\t<meta property=\"og:image:type\" content=\"image\/jpeg\" \/>\n<meta name=\"twitter:card\" content=\"summary_large_image\" \/>\n<meta name=\"twitter:label1\" content=\"Est. reading time\" \/>\n\t<meta name=\"twitter:data1\" content=\"3 minutes\" \/>\n<script type=\"application\/ld+json\" class=\"yoast-schema-graph\">{\"@context\":\"https:\\\/\\\/schema.org\",\"@graph\":[{\"@type\":\"WebPage\",\"@id\":\"https:\\\/\\\/doplay.es\\\/eu\\\/producto\\\/aquapark-aren-diseinua-eta-programazioa-roblox-en-2\\\/\",\"url\":\"https:\\\/\\\/doplay.es\\\/eu\\\/producto\\\/aquapark-aren-diseinua-eta-programazioa-roblox-en-2\\\/\",\"name\":\"Taller Tecnol\u00f3gico ROBLOX Semana Santa en Donosti. Edificio EKINN.\",\"isPartOf\":{\"@id\":\"https:\\\/\\\/doplay.es\\\/#website\"},\"primaryImageOfPage\":{\"@id\":\"https:\\\/\\\/doplay.es\\\/eu\\\/producto\\\/aquapark-aren-diseinua-eta-programazioa-roblox-en-2\\\/#primaryimage\"},\"image\":{\"@id\":\"https:\\\/\\\/doplay.es\\\/eu\\\/producto\\\/aquapark-aren-diseinua-eta-programazioa-roblox-en-2\\\/#primaryimage\"},\"thumbnailUrl\":\"https:\\\/\\\/doplay.es\\\/wp-content\\\/uploads\\\/2025\\\/03\\\/AQUAPARK-DOPLAY.jpg\",\"datePublished\":\"2025-03-10T16:32:37+00:00\",\"dateModified\":\"2025-03-21T10:29:22+00:00\",\"description\":\"Colonias tecnol\u00f3gicas de Semana Santa y Pascua en Donosti-Gipuzkoa para ni\u00f1os y j\u00f3venes. ROBLOX, Programaci\u00f3n y Desarrollo de Videojuegos.\",\"breadcrumb\":{\"@id\":\"https:\\\/\\\/doplay.es\\\/eu\\\/producto\\\/aquapark-aren-diseinua-eta-programazioa-roblox-en-2\\\/#breadcrumb\"},\"inLanguage\":\"eu-ES\",\"potentialAction\":[{\"@type\":\"ReadAction\",\"target\":[\"https:\\\/\\\/doplay.es\\\/eu\\\/producto\\\/aquapark-aren-diseinua-eta-programazioa-roblox-en-2\\\/\"]}]},{\"@type\":\"ImageObject\",\"inLanguage\":\"eu-ES\",\"@id\":\"https:\\\/\\\/doplay.es\\\/eu\\\/producto\\\/aquapark-aren-diseinua-eta-programazioa-roblox-en-2\\\/#primaryimage\",\"url\":\"https:\\\/\\\/doplay.es\\\/wp-content\\\/uploads\\\/2025\\\/03\\\/AQUAPARK-DOPLAY.jpg\",\"contentUrl\":\"https:\\\/\\\/doplay.es\\\/wp-content\\\/uploads\\\/2025\\\/03\\\/AQUAPARK-DOPLAY.jpg\",\"width\":2494,\"height\":1424,\"caption\":\"Screenshot\"},{\"@type\":\"BreadcrumbList\",\"@id\":\"https:\\\/\\\/doplay.es\\\/eu\\\/producto\\\/aquapark-aren-diseinua-eta-programazioa-roblox-en-2\\\/#breadcrumb\",\"itemListElement\":[{\"@type\":\"ListItem\",\"position\":1,\"name\":\"Portada\",\"item\":\"https:\\\/\\\/doplay.es\\\/eu\\\/\"},{\"@type\":\"ListItem\",\"position\":2,\"name\":\"Shop\",\"item\":\"https:\\\/\\\/doplay.es\\\/eu\\\/shop\\\/\"},{\"@type\":\"ListItem\",\"position\":3,\"name\":\"AQUAPARK-aren diseinua eta programazioa ROBLOX-en\"}]},{\"@type\":\"WebSite\",\"@id\":\"https:\\\/\\\/doplay.es\\\/#website\",\"url\":\"https:\\\/\\\/doplay.es\\\/\",\"name\":\"DOPLAY\",\"description\":\"Aprender haciendo\",\"alternateName\":\"Talleres Rob\u00f3tica\",\"potentialAction\":[{\"@type\":\"SearchAction\",\"target\":{\"@type\":\"EntryPoint\",\"urlTemplate\":\"https:\\\/\\\/doplay.es\\\/?s={search_term_string}\"},\"query-input\":{\"@type\":\"PropertyValueSpecification\",\"valueRequired\":true,\"valueName\":\"search_term_string\"}}],\"inLanguage\":\"eu-ES\"}]}<\/script>\n<!-- \/ Yoast SEO plugin. -->","yoast_head_json":{"title":"Taller Tecnol\u00f3gico ROBLOX Semana Santa en Donosti. Edificio EKINN.","description":"Colonias tecnol\u00f3gicas de Semana Santa y Pascua en Donosti-Gipuzkoa para ni\u00f1os y j\u00f3venes. ROBLOX, Programaci\u00f3n y Desarrollo de Videojuegos.","robots":{"index":"index","follow":"follow","max-snippet":"max-snippet:-1","max-image-preview":"max-image-preview:large","max-video-preview":"max-video-preview:-1"},"canonical":"https:\/\/doplay.es\/eu\/producto\/aquapark-aren-diseinua-eta-programazioa-roblox-en-2\/","og_locale":"eu_ES","og_type":"article","og_title":"Taller Tecnol\u00f3gico ROBLOX Semana Santa en Donosti. Edificio EKINN.","og_description":"Colonias tecnol\u00f3gicas de Semana Santa y Pascua en Donosti-Gipuzkoa para ni\u00f1os y j\u00f3venes. ROBLOX, Programaci\u00f3n y Desarrollo de Videojuegos.","og_url":"https:\/\/doplay.es\/eu\/producto\/aquapark-aren-diseinua-eta-programazioa-roblox-en-2\/","og_site_name":"DOPLAY","article_modified_time":"2025-03-21T10:29:22+00:00","og_image":[{"width":2494,"height":1424,"url":"https:\/\/doplay.es\/wp-content\/uploads\/2025\/03\/AQUAPARK-DOPLAY.jpg","type":"image\/jpeg"}],"twitter_card":"summary_large_image","twitter_misc":{"Est. reading time":"3 minutes"},"schema":{"@context":"https:\/\/schema.org","@graph":[{"@type":"WebPage","@id":"https:\/\/doplay.es\/eu\/producto\/aquapark-aren-diseinua-eta-programazioa-roblox-en-2\/","url":"https:\/\/doplay.es\/eu\/producto\/aquapark-aren-diseinua-eta-programazioa-roblox-en-2\/","name":"Taller Tecnol\u00f3gico ROBLOX Semana Santa en Donosti. Edificio EKINN.","isPartOf":{"@id":"https:\/\/doplay.es\/#website"},"primaryImageOfPage":{"@id":"https:\/\/doplay.es\/eu\/producto\/aquapark-aren-diseinua-eta-programazioa-roblox-en-2\/#primaryimage"},"image":{"@id":"https:\/\/doplay.es\/eu\/producto\/aquapark-aren-diseinua-eta-programazioa-roblox-en-2\/#primaryimage"},"thumbnailUrl":"https:\/\/doplay.es\/wp-content\/uploads\/2025\/03\/AQUAPARK-DOPLAY.jpg","datePublished":"2025-03-10T16:32:37+00:00","dateModified":"2025-03-21T10:29:22+00:00","description":"Colonias tecnol\u00f3gicas de Semana Santa y Pascua en Donosti-Gipuzkoa para ni\u00f1os y j\u00f3venes. ROBLOX, Programaci\u00f3n y Desarrollo de Videojuegos.","breadcrumb":{"@id":"https:\/\/doplay.es\/eu\/producto\/aquapark-aren-diseinua-eta-programazioa-roblox-en-2\/#breadcrumb"},"inLanguage":"eu-ES","potentialAction":[{"@type":"ReadAction","target":["https:\/\/doplay.es\/eu\/producto\/aquapark-aren-diseinua-eta-programazioa-roblox-en-2\/"]}]},{"@type":"ImageObject","inLanguage":"eu-ES","@id":"https:\/\/doplay.es\/eu\/producto\/aquapark-aren-diseinua-eta-programazioa-roblox-en-2\/#primaryimage","url":"https:\/\/doplay.es\/wp-content\/uploads\/2025\/03\/AQUAPARK-DOPLAY.jpg","contentUrl":"https:\/\/doplay.es\/wp-content\/uploads\/2025\/03\/AQUAPARK-DOPLAY.jpg","width":2494,"height":1424,"caption":"Screenshot"},{"@type":"BreadcrumbList","@id":"https:\/\/doplay.es\/eu\/producto\/aquapark-aren-diseinua-eta-programazioa-roblox-en-2\/#breadcrumb","itemListElement":[{"@type":"ListItem","position":1,"name":"Portada","item":"https:\/\/doplay.es\/eu\/"},{"@type":"ListItem","position":2,"name":"Shop","item":"https:\/\/doplay.es\/eu\/shop\/"},{"@type":"ListItem","position":3,"name":"AQUAPARK-aren diseinua eta programazioa ROBLOX-en"}]},{"@type":"WebSite","@id":"https:\/\/doplay.es\/#website","url":"https:\/\/doplay.es\/","name":"DOPLAY","description":"Aprender haciendo","alternateName":"Talleres Rob\u00f3tica","potentialAction":[{"@type":"SearchAction","target":{"@type":"EntryPoint","urlTemplate":"https:\/\/doplay.es\/?s={search_term_string}"},"query-input":{"@type":"PropertyValueSpecification","valueRequired":true,"valueName":"search_term_string"}}],"inLanguage":"eu-ES"}]}},"_links":{"self":[{"href":"https:\/\/doplay.es\/eu\/wp-json\/wp\/v2\/product\/19527","targetHints":{"allow":["GET"]}}],"collection":[{"href":"https:\/\/doplay.es\/eu\/wp-json\/wp\/v2\/product"}],"about":[{"href":"https:\/\/doplay.es\/eu\/wp-json\/wp\/v2\/types\/product"}],"wp:featuredmedia":[{"embeddable":true,"href":"https:\/\/doplay.es\/eu\/wp-json\/wp\/v2\/media\/19385"}],"wp:attachment":[{"href":"https:\/\/doplay.es\/eu\/wp-json\/wp\/v2\/media?parent=19527"}],"wp:term":[{"taxonomy":"product_brand","embeddable":true,"href":"https:\/\/doplay.es\/eu\/wp-json\/wp\/v2\/product_brand?post=19527"},{"taxonomy":"product_cat","embeddable":true,"href":"https:\/\/doplay.es\/eu\/wp-json\/wp\/v2\/product_cat?post=19527"},{"taxonomy":"product_tag","embeddable":true,"href":"https:\/\/doplay.es\/eu\/wp-json\/wp\/v2\/product_tag?post=19527"}],"curies":[{"name":"wp","href":"https:\/\/api.w.org\/{rel}","templated":true}]}}