{"id":19834,"date":"2025-03-10T18:00:06","date_gmt":"2025-03-10T17:00:06","guid":{"rendered":"https:\/\/doplay.es\/producto\/minecraft-robotics-2\/"},"modified":"2025-05-13T17:34:07","modified_gmt":"2025-05-13T15:34:07","slug":"minecraft-robotics-2","status":"publish","type":"product","link":"https:\/\/doplay.es\/eu\/producto\/minecraft-robotics-2\/","title":{"rendered":"MINECRAFT Robotics"},"content":{"rendered":"<div class=\"page\" title=\"Page 1\">\n<div class=\"section\">\n<p><img loading=\"lazy\" decoding=\"async\" class=\"size-full wp-image-19469\" src=\"https:\/\/doplay.es\/wp-content\/uploads\/2025\/03\/MODULOS-MINECRAFT-scaled.jpg\" alt=\"\" width=\"2560\" height=\"649\" srcset=\"https:\/\/doplay.es\/wp-content\/uploads\/2025\/03\/MODULOS-MINECRAFT-scaled.jpg 2560w, https:\/\/doplay.es\/wp-content\/uploads\/2025\/03\/MODULOS-MINECRAFT-300x76.jpg 300w, https:\/\/doplay.es\/wp-content\/uploads\/2025\/03\/MODULOS-MINECRAFT-1024x259.jpg 1024w, https:\/\/doplay.es\/wp-content\/uploads\/2025\/03\/MODULOS-MINECRAFT-768x195.jpg 768w, https:\/\/doplay.es\/wp-content\/uploads\/2025\/03\/MODULOS-MINECRAFT-1536x389.jpg 1536w, https:\/\/doplay.es\/wp-content\/uploads\/2025\/03\/MODULOS-MINECRAFT-2048x519.jpg 2048w, https:\/\/doplay.es\/wp-content\/uploads\/2025\/03\/MODULOS-MINECRAFT-600x152.jpg 600w\" sizes=\"auto, (max-width: 2560px) 100vw, 2560px\" \/><\/p>\n<h3><span style=\"color: #0000ff;\">TAILERRAREN PLANA:<\/span><\/h3>\n<ul>\n<li>\n<h4><span style=\"color: #0000ff;\">Misi\u00f3n 1<\/span>: CONSTRUCCIONES MINECRAFT por parejas. Hasta 16 participantes en 8 equipos. Comenzamos explicando los retos que debe conseguir cada equipo y entre todos los participantes de modo colaborativo. La ciudad Minecraft estar\u00e1 compuesta por:   <\/h4>\n<ul>\n<li>\n<h4>Izotzezko Gaztelua eta Tontorrak, Desertuko minako putzua eta END-eko borrokaldia, Igel etxea eta zaldien ukuilua, Azeri aterpetxea, Txerrikume Etxea eta Animalien Santutegia.<\/p>\n<\/h4>\n<\/li>\n<li>\n<h4> Ezpata Gotorlekua eta Enboskada Nether-en Atarian, Errota-etxaldea, Hondartzako Dortokaren etxea eta Gereziondoen Lorategia, Otso Gotorlekua, Armadillo Meategira Espedizioa eta Eskeletoaren Ziega.<\/h4>\n<\/li>\n<\/ul>\n<\/li>\n<li>\n<h4><span style=\"color: #0000ff;\">2. misioa:<\/span> Guztion artean, elkarlanean eta lanak banatuz, Minecraft-en mineral ezberdinak aurkitu eta prozesatze-zentroetaraino garraiatu behar ditugu. Baita Crafteo-etarako behar diren oinarrizko materialak ere. <\/h4>\n<\/li>\n<li>\n<h4><span style=\"color: #0000ff;\">Misi\u00f3n 3:<\/span> Dise\u00f1o, Construcci\u00f3n y Programaci\u00f3n de <span style=\"color: #ff0000;\">ertert <span style=\"color: #000000;\">Materialak sailkatzeko lineak. Garraiatzailetik datozen blokeak, hainbat gunetara bereizi behar dira. Horretarako, Mindstorms edo Spike Prime robotetan integratutako smart kamerak erabiliko ditugu (Arduino, Raspberry edo Micro:bit elektronikarekin).   Ikasleek sistema desberdinak muntatu, programatu eta integratu beharko dituzte. <span style=\"color: #0000ff;\">Proiektu honen zailtasun erantsia, oro har, elementu guztien tamaina da, LEGO Minecraft-en produktuen dimentsioetara egokituko bait gara.<\/span><\/span><\/span><\/h4>\n<\/li>\n<\/ul>\n<p><img loading=\"lazy\" decoding=\"async\" class=\"size-full wp-image-19473\" src=\"https:\/\/doplay.es\/wp-content\/uploads\/2025\/03\/LINEAS-MINECRAFT-scaled.jpg\" alt=\"\" width=\"2560\" height=\"669\" srcset=\"https:\/\/doplay.es\/wp-content\/uploads\/2025\/03\/LINEAS-MINECRAFT-scaled.jpg 2560w, https:\/\/doplay.es\/wp-content\/uploads\/2025\/03\/LINEAS-MINECRAFT-300x78.jpg 300w, https:\/\/doplay.es\/wp-content\/uploads\/2025\/03\/LINEAS-MINECRAFT-1024x267.jpg 1024w, https:\/\/doplay.es\/wp-content\/uploads\/2025\/03\/LINEAS-MINECRAFT-768x201.jpg 768w, https:\/\/doplay.es\/wp-content\/uploads\/2025\/03\/LINEAS-MINECRAFT-1536x401.jpg 1536w, https:\/\/doplay.es\/wp-content\/uploads\/2025\/03\/LINEAS-MINECRAFT-2048x535.jpg 2048w, https:\/\/doplay.es\/wp-content\/uploads\/2025\/03\/LINEAS-MINECRAFT-600x157.jpg 600w\" sizes=\"auto, (max-width: 2560px) 100vw, 2560px\" \/><\/p>\n<\/div>\n<\/div>\n<div class=\"page\" title=\"Page 3\">\n<div class=\"section\">\n<div class=\"layoutArea\">\n<div class=\"column\">\n<div class=\"page\" title=\"Page 1\">\n<div class=\"section\">\n<div class=\"layoutArea\"><\/div>\n<div class=\"layoutArea\"><\/div>\n<\/div>\n<\/div>\n<\/div>\n<\/div>\n<\/div>\n<\/div>\n","protected":false},"excerpt":{"rendered":"<h4>TOLOSA &#8211; Laskorain Ikastola Usabal<\/h4>\n<h4>Ekainaren 30 Uztailaren 4<br \/>9.30etatik 13.30etara<\/h4>\n<h4>7-13 URTE<\/h4>\n","protected":false},"featured_media":19477,"template":"","meta":[],"product_brand":[],"product_cat":[711],"product_tag":[],"class_list":{"0":"post-19834","1":"product","2":"type-product","3":"status-publish","4":"has-post-thumbnail","6":"product_cat-sin-categorizar-eu","8":"first","9":"instock","10":"sale","11":"shipping-taxable","12":"purchasable","13":"product-type-simple"},"yoast_head":"<!-- This site is optimized with the Yoast SEO plugin v27.3 - https:\/\/yoast.com\/product\/yoast-seo-wordpress\/ -->\n<title>Taller Tecnol\u00f3gico MINECRAFT ROB\u00d3TICO VERANO en TOLOSA<\/title>\n<meta name=\"description\" content=\"Colonias tecnol\u00f3gicas de VERANO en TOLOSA para ni\u00f1os y j\u00f3venes. MINECRAFT ROB\u00d3TICO y Programaci\u00f3n.\" \/>\n<meta name=\"robots\" content=\"index, follow, max-snippet:-1, max-image-preview:large, max-video-preview:-1\" \/>\n<link rel=\"canonical\" href=\"https:\/\/doplay.es\/eu\/producto\/minecraft-robotics-2\/\" \/>\n<meta property=\"og:locale\" content=\"eu_ES\" \/>\n<meta property=\"og:type\" content=\"article\" \/>\n<meta property=\"og:title\" content=\"Taller Tecnol\u00f3gico MINECRAFT ROB\u00d3TICO VERANO en TOLOSA\" \/>\n<meta property=\"og:description\" content=\"Colonias tecnol\u00f3gicas de VERANO en TOLOSA para ni\u00f1os y j\u00f3venes. MINECRAFT ROB\u00d3TICO y Programaci\u00f3n.\" \/>\n<meta property=\"og:url\" content=\"https:\/\/doplay.es\/eu\/producto\/minecraft-robotics-2\/\" \/>\n<meta property=\"og:site_name\" content=\"DOPLAY\" \/>\n<meta property=\"article:modified_time\" content=\"2025-05-13T15:34:07+00:00\" \/>\n<meta property=\"og:image\" content=\"https:\/\/doplay.es\/wp-content\/uploads\/2025\/03\/MINECRAFT-ROBOTICO-2-scaled.jpg\" \/>\n\t<meta property=\"og:image:width\" content=\"2560\" \/>\n\t<meta property=\"og:image:height\" content=\"1465\" \/>\n\t<meta property=\"og:image:type\" content=\"image\/jpeg\" \/>\n<meta name=\"twitter:card\" content=\"summary_large_image\" \/>\n<meta name=\"twitter:label1\" content=\"Est. reading time\" \/>\n\t<meta name=\"twitter:data1\" content=\"2 minutes\" \/>\n<script type=\"application\/ld+json\" class=\"yoast-schema-graph\">{\"@context\":\"https:\\\/\\\/schema.org\",\"@graph\":[{\"@type\":\"WebPage\",\"@id\":\"https:\\\/\\\/doplay.es\\\/eu\\\/producto\\\/minecraft-robotics-2\\\/\",\"url\":\"https:\\\/\\\/doplay.es\\\/eu\\\/producto\\\/minecraft-robotics-2\\\/\",\"name\":\"Taller Tecnol\u00f3gico MINECRAFT ROB\u00d3TICO VERANO en TOLOSA\",\"isPartOf\":{\"@id\":\"https:\\\/\\\/doplay.es\\\/#website\"},\"primaryImageOfPage\":{\"@id\":\"https:\\\/\\\/doplay.es\\\/eu\\\/producto\\\/minecraft-robotics-2\\\/#primaryimage\"},\"image\":{\"@id\":\"https:\\\/\\\/doplay.es\\\/eu\\\/producto\\\/minecraft-robotics-2\\\/#primaryimage\"},\"thumbnailUrl\":\"https:\\\/\\\/doplay.es\\\/wp-content\\\/uploads\\\/2025\\\/03\\\/MINECRAFT-ROBOTICO-2-scaled.jpg\",\"datePublished\":\"2025-03-10T17:00:06+00:00\",\"dateModified\":\"2025-05-13T15:34:07+00:00\",\"description\":\"Colonias tecnol\u00f3gicas de VERANO en TOLOSA para ni\u00f1os y j\u00f3venes. MINECRAFT ROB\u00d3TICO y Programaci\u00f3n.\",\"breadcrumb\":{\"@id\":\"https:\\\/\\\/doplay.es\\\/eu\\\/producto\\\/minecraft-robotics-2\\\/#breadcrumb\"},\"inLanguage\":\"eu-ES\",\"potentialAction\":[{\"@type\":\"ReadAction\",\"target\":[\"https:\\\/\\\/doplay.es\\\/eu\\\/producto\\\/minecraft-robotics-2\\\/\"]}]},{\"@type\":\"ImageObject\",\"inLanguage\":\"eu-ES\",\"@id\":\"https:\\\/\\\/doplay.es\\\/eu\\\/producto\\\/minecraft-robotics-2\\\/#primaryimage\",\"url\":\"https:\\\/\\\/doplay.es\\\/wp-content\\\/uploads\\\/2025\\\/03\\\/MINECRAFT-ROBOTICO-2-scaled.jpg\",\"contentUrl\":\"https:\\\/\\\/doplay.es\\\/wp-content\\\/uploads\\\/2025\\\/03\\\/MINECRAFT-ROBOTICO-2-scaled.jpg\",\"width\":2560,\"height\":1465,\"caption\":\"Screenshot\"},{\"@type\":\"BreadcrumbList\",\"@id\":\"https:\\\/\\\/doplay.es\\\/eu\\\/producto\\\/minecraft-robotics-2\\\/#breadcrumb\",\"itemListElement\":[{\"@type\":\"ListItem\",\"position\":1,\"name\":\"Portada\",\"item\":\"https:\\\/\\\/doplay.es\\\/eu\\\/\"},{\"@type\":\"ListItem\",\"position\":2,\"name\":\"Shop\",\"item\":\"https:\\\/\\\/doplay.es\\\/eu\\\/shop\\\/\"},{\"@type\":\"ListItem\",\"position\":3,\"name\":\"MINECRAFT Robotics\"}]},{\"@type\":\"WebSite\",\"@id\":\"https:\\\/\\\/doplay.es\\\/#website\",\"url\":\"https:\\\/\\\/doplay.es\\\/\",\"name\":\"DOPLAY\",\"description\":\"Aprender haciendo\",\"alternateName\":\"Talleres Rob\u00f3tica\",\"potentialAction\":[{\"@type\":\"SearchAction\",\"target\":{\"@type\":\"EntryPoint\",\"urlTemplate\":\"https:\\\/\\\/doplay.es\\\/?s={search_term_string}\"},\"query-input\":{\"@type\":\"PropertyValueSpecification\",\"valueRequired\":true,\"valueName\":\"search_term_string\"}}],\"inLanguage\":\"eu-ES\"}]}<\/script>\n<!-- \/ Yoast SEO plugin. -->","yoast_head_json":{"title":"Taller Tecnol\u00f3gico MINECRAFT ROB\u00d3TICO VERANO en TOLOSA","description":"Colonias tecnol\u00f3gicas de VERANO en TOLOSA para ni\u00f1os y j\u00f3venes. MINECRAFT ROB\u00d3TICO y Programaci\u00f3n.","robots":{"index":"index","follow":"follow","max-snippet":"max-snippet:-1","max-image-preview":"max-image-preview:large","max-video-preview":"max-video-preview:-1"},"canonical":"https:\/\/doplay.es\/eu\/producto\/minecraft-robotics-2\/","og_locale":"eu_ES","og_type":"article","og_title":"Taller Tecnol\u00f3gico MINECRAFT ROB\u00d3TICO VERANO en TOLOSA","og_description":"Colonias tecnol\u00f3gicas de VERANO en TOLOSA para ni\u00f1os y j\u00f3venes. MINECRAFT ROB\u00d3TICO y Programaci\u00f3n.","og_url":"https:\/\/doplay.es\/eu\/producto\/minecraft-robotics-2\/","og_site_name":"DOPLAY","article_modified_time":"2025-05-13T15:34:07+00:00","og_image":[{"width":2560,"height":1465,"url":"https:\/\/doplay.es\/wp-content\/uploads\/2025\/03\/MINECRAFT-ROBOTICO-2-scaled.jpg","type":"image\/jpeg"}],"twitter_card":"summary_large_image","twitter_misc":{"Est. reading time":"2 minutes"},"schema":{"@context":"https:\/\/schema.org","@graph":[{"@type":"WebPage","@id":"https:\/\/doplay.es\/eu\/producto\/minecraft-robotics-2\/","url":"https:\/\/doplay.es\/eu\/producto\/minecraft-robotics-2\/","name":"Taller Tecnol\u00f3gico MINECRAFT ROB\u00d3TICO VERANO en TOLOSA","isPartOf":{"@id":"https:\/\/doplay.es\/#website"},"primaryImageOfPage":{"@id":"https:\/\/doplay.es\/eu\/producto\/minecraft-robotics-2\/#primaryimage"},"image":{"@id":"https:\/\/doplay.es\/eu\/producto\/minecraft-robotics-2\/#primaryimage"},"thumbnailUrl":"https:\/\/doplay.es\/wp-content\/uploads\/2025\/03\/MINECRAFT-ROBOTICO-2-scaled.jpg","datePublished":"2025-03-10T17:00:06+00:00","dateModified":"2025-05-13T15:34:07+00:00","description":"Colonias tecnol\u00f3gicas de VERANO en TOLOSA para ni\u00f1os y j\u00f3venes. MINECRAFT ROB\u00d3TICO y Programaci\u00f3n.","breadcrumb":{"@id":"https:\/\/doplay.es\/eu\/producto\/minecraft-robotics-2\/#breadcrumb"},"inLanguage":"eu-ES","potentialAction":[{"@type":"ReadAction","target":["https:\/\/doplay.es\/eu\/producto\/minecraft-robotics-2\/"]}]},{"@type":"ImageObject","inLanguage":"eu-ES","@id":"https:\/\/doplay.es\/eu\/producto\/minecraft-robotics-2\/#primaryimage","url":"https:\/\/doplay.es\/wp-content\/uploads\/2025\/03\/MINECRAFT-ROBOTICO-2-scaled.jpg","contentUrl":"https:\/\/doplay.es\/wp-content\/uploads\/2025\/03\/MINECRAFT-ROBOTICO-2-scaled.jpg","width":2560,"height":1465,"caption":"Screenshot"},{"@type":"BreadcrumbList","@id":"https:\/\/doplay.es\/eu\/producto\/minecraft-robotics-2\/#breadcrumb","itemListElement":[{"@type":"ListItem","position":1,"name":"Portada","item":"https:\/\/doplay.es\/eu\/"},{"@type":"ListItem","position":2,"name":"Shop","item":"https:\/\/doplay.es\/eu\/shop\/"},{"@type":"ListItem","position":3,"name":"MINECRAFT Robotics"}]},{"@type":"WebSite","@id":"https:\/\/doplay.es\/#website","url":"https:\/\/doplay.es\/","name":"DOPLAY","description":"Aprender haciendo","alternateName":"Talleres Rob\u00f3tica","potentialAction":[{"@type":"SearchAction","target":{"@type":"EntryPoint","urlTemplate":"https:\/\/doplay.es\/?s={search_term_string}"},"query-input":{"@type":"PropertyValueSpecification","valueRequired":true,"valueName":"search_term_string"}}],"inLanguage":"eu-ES"}]}},"_links":{"self":[{"href":"https:\/\/doplay.es\/eu\/wp-json\/wp\/v2\/product\/19834","targetHints":{"allow":["GET"]}}],"collection":[{"href":"https:\/\/doplay.es\/eu\/wp-json\/wp\/v2\/product"}],"about":[{"href":"https:\/\/doplay.es\/eu\/wp-json\/wp\/v2\/types\/product"}],"wp:featuredmedia":[{"embeddable":true,"href":"https:\/\/doplay.es\/eu\/wp-json\/wp\/v2\/media\/19477"}],"wp:attachment":[{"href":"https:\/\/doplay.es\/eu\/wp-json\/wp\/v2\/media?parent=19834"}],"wp:term":[{"taxonomy":"product_brand","embeddable":true,"href":"https:\/\/doplay.es\/eu\/wp-json\/wp\/v2\/product_brand?post=19834"},{"taxonomy":"product_cat","embeddable":true,"href":"https:\/\/doplay.es\/eu\/wp-json\/wp\/v2\/product_cat?post=19834"},{"taxonomy":"product_tag","embeddable":true,"href":"https:\/\/doplay.es\/eu\/wp-json\/wp\/v2\/product_tag?post=19834"}],"curies":[{"name":"wp","href":"https:\/\/api.w.org\/{rel}","templated":true}]}}