{"id":20013,"date":"2025-05-13T16:05:03","date_gmt":"2025-05-13T14:05:03","guid":{"rendered":"https:\/\/doplay.es\/producto\/olinpiada-robotikoa-eta-parkourra-rv\/"},"modified":"2025-05-26T16:24:01","modified_gmt":"2025-05-26T14:24:01","slug":"olinpiada-robotikoa-eta-parkourra-rv","status":"publish","type":"product","link":"https:\/\/doplay.es\/eu\/producto\/olinpiada-robotikoa-eta-parkourra-rv\/","title":{"rendered":"OLINPIADA ROBOTIKOA ETA PARKOURRA RV"},"content":{"rendered":"<div class=\"page\" title=\"Page 1\">\n<div class=\"section\">\n<h3><span style=\"color: #0000ff;\">OLINPIADA ROBOTIKOA<\/span><\/h3>\n<\/div>\n<\/div>\n<div class=\"page\" title=\"Page 3\">\n<div class=\"section\">\n<div class=\"layoutArea\">\n<div class=\"column\">\n<div class=\"page\" title=\"Page 1\">\n<div class=\"section\">\n<div class=\"layoutArea\">\n<h4>Atletismoak eta olinpiadek norberaren ahalegina eta talde-lana behar dituzte. Oinarrizko bi diziplinarekin hasiko gara: ABIADURA-SPRINTA eta OZTOPO LASTERKETA. Pilota jaurtiketan, KATAPULTA BAT Diseinatu eta Eraiki behar da. Robotika mailan, jaurtitzeko edo jotzeko edozein modu muntatzea konplexua da. Lehen pertsonan jasango dugu.    <\/h4>\n<ul>\n<li>\n<h4><span style=\"color: #0000ff;\">Dise\u00f1o y construcci\u00f3n de m\u00e1quina o veh\u00edculo<\/span> que se desplace r\u00e1pido. Relaci\u00f3n de Engranajes. Partiendo del reposo es fundamental el an\u00e1lisis de fuerzas para el arranque y conseguir aceleraci\u00f3n suficiente.  <\/h4>\n<\/li>\n<li>\n<h4>Oztopo lasterketan, lehen gakoa zuzen mugitzea da. Horretarako, ezinbestekoa da aurrera egiteko diseinu egokia egin eta ultrasoinuak erabiliz oztopoak detektatzea, programazio bidez. <\/h4>\n<\/li>\n<li>\n<h4>En carrera obst\u00e1culos, <span style=\"color: #0000ff;\">la segunda clave son giros precisos de 90 grados<\/span>. Haciendo uso del sensor gir\u00f3scopo mediante una correcta programaci\u00f3n con continuas validaciones en detrimento de velocidad. <\/h4>\n<\/li>\n<\/ul>\n<ul>\n<li>\n<h4>Construcci\u00f3n m\u00e1quina catapulta con alcance m\u00e1ximo. \u00bfComo conseguir impulso o impacto? Estudio de mecanismos que permitan <span style=\"color: #0000ff;\">almacenar o traspasar energ\u00eda y convertirla<\/span> en otra forma cuando se requiera.  <\/h4>\n<\/li>\n<li>\n<h4>Bigarren urrats gisa zehaztasuna landuko dugu. Katapultaren irismena erraz mugatzeko gai izan behar gara, funtsean irismen maximoari eragin gabe. Euskarrien eta lokailuen egonkortasuna eta fidagarritasuna.  <\/h4>\n<\/li>\n<\/ul>\n<\/div>\n<\/div>\n<\/div>\n<div class=\"page\" title=\"Page 1\">\n<div class=\"section\">\n<div class=\"layoutArea\">\n<p><img loading=\"lazy\" decoding=\"async\" class=\"size-full wp-image-19996\" src=\"https:\/\/doplay.es\/wp-content\/uploads\/2025\/05\/OLIMPIADA-scaled.jpg\" alt=\"\" width=\"2560\" height=\"1173\" srcset=\"https:\/\/doplay.es\/wp-content\/uploads\/2025\/05\/OLIMPIADA-scaled.jpg 2560w, https:\/\/doplay.es\/wp-content\/uploads\/2025\/05\/OLIMPIADA-300x137.jpg 300w, https:\/\/doplay.es\/wp-content\/uploads\/2025\/05\/OLIMPIADA-1024x469.jpg 1024w, https:\/\/doplay.es\/wp-content\/uploads\/2025\/05\/OLIMPIADA-768x352.jpg 768w, https:\/\/doplay.es\/wp-content\/uploads\/2025\/05\/OLIMPIADA-1536x704.jpg 1536w, https:\/\/doplay.es\/wp-content\/uploads\/2025\/05\/OLIMPIADA-2048x939.jpg 2048w, https:\/\/doplay.es\/wp-content\/uploads\/2025\/05\/OLIMPIADA-600x275.jpg 600w\" sizes=\"auto, (max-width: 2560px) 100vw, 2560px\" \/><\/p>\n<h3><span style=\"color: #0000ff;\">PARKOUR EN REALIDAD VIRTUAL<\/span><\/h3>\n<h4>Mientras algunos participantes prueban EL PARKOUR con las GAFAS DE RV otros y mediante ordenadores trabajan con ese mismo videojuego.<\/h4>\n<ul>\n<li>\n<h4><span style=\"color: #0000ff;\">Dise\u00f1o de escenas virtuales y elementos.<\/span> Definici\u00f3n de entorno y atm\u00f3sfera de nuestro videojuego. Inserci\u00f3n de efectos, luces, sonidos y transiciones. <\/h4>\n<\/li>\n<li>\n<h4><span style=\"color: #0000ff;\">Desarrollo de la l\u00f3gica del videojuego.<\/span> Estudio y comprensi\u00f3n de las posibilidades din\u00e1micas de los distintos objetos de la plataforma. Configuraciones y simulaciones para conseguir los efectos deseados. Programaci\u00f3n por bloques y c\u00f3digo.  <\/h4>\n<\/li>\n<li>\n<h4><span style=\"color: #0000ff;\">Realidad VIRTUAL.<\/span> Aprendemos en qu\u00e9 consiste la RA y RV y sus tecnolog\u00edas y procesos asociados. Comprendemos el desarrollo de un proyecto de estas caracter\u00edsticas en toda su magnitud. Por parejas, disponemos de ordenadores para desarrollar, probar y modificar nuestro propio videojuego.  <\/h4>\n<\/li>\n<\/ul>\n<p><img loading=\"lazy\" decoding=\"async\" class=\"size-full wp-image-20002\" src=\"https:\/\/doplay.es\/wp-content\/uploads\/2025\/05\/RA-PARKOUR-1-scaled.jpg\" alt=\"\" width=\"2560\" height=\"1545\" srcset=\"https:\/\/doplay.es\/wp-content\/uploads\/2025\/05\/RA-PARKOUR-1-scaled.jpg 2560w, https:\/\/doplay.es\/wp-content\/uploads\/2025\/05\/RA-PARKOUR-1-300x181.jpg 300w, https:\/\/doplay.es\/wp-content\/uploads\/2025\/05\/RA-PARKOUR-1-1024x618.jpg 1024w, https:\/\/doplay.es\/wp-content\/uploads\/2025\/05\/RA-PARKOUR-1-768x464.jpg 768w, https:\/\/doplay.es\/wp-content\/uploads\/2025\/05\/RA-PARKOUR-1-1536x927.jpg 1536w, https:\/\/doplay.es\/wp-content\/uploads\/2025\/05\/RA-PARKOUR-1-2048x1236.jpg 2048w, https:\/\/doplay.es\/wp-content\/uploads\/2025\/05\/RA-PARKOUR-1-600x362.jpg 600w\" sizes=\"auto, (max-width: 2560px) 100vw, 2560px\" \/><\/p>\n<\/div>\n<\/div>\n<\/div>\n<\/div>\n<\/div>\n<\/div>\n<\/div>\n","protected":false},"excerpt":{"rendered":"<h4>AZPEITIA &#8211; IRAURGI IKASTETXEA<\/h4>\n<h4>Uztailaren 7 al 11<br \/>9.00etatik 13.30etara<\/h4>\n<h4>Taller en el que trabajamos distintas disciplinas: rob\u00f3tica y programaci\u00f3n, desarrollo de videojuego-animaci\u00f3n para REALIDAD VIRTUAL.<\/h4>\n","protected":false},"featured_media":19999,"template":"","meta":[],"product_brand":[],"product_cat":[729],"product_tag":[],"class_list":{"0":"post-20013","1":"product","2":"type-product","3":"status-publish","4":"has-post-thumbnail","6":"product_cat-azpeitia-eu","8":"first","9":"instock","10":"sale","11":"shipping-taxable","12":"purchasable","13":"product-type-simple"},"yoast_head":"<!-- This site is optimized with the Yoast SEO plugin v27.3 - https:\/\/yoast.com\/product\/yoast-seo-wordpress\/ -->\n<title>ROBOTIKA eta ERREALITATE BIRTUALA. Udako Tailer Teknologikoa AZPEITIAN<\/title>\n<meta name=\"description\" content=\"Udaleku teknologikoak AZPEITIAn haur eta gazteentzat. MINECRAFT, Bideojokoen Programazioa eta Garapena.\" \/>\n<meta name=\"robots\" content=\"index, follow, max-snippet:-1, max-image-preview:large, max-video-preview:-1\" \/>\n<link rel=\"canonical\" href=\"https:\/\/doplay.es\/eu\/producto\/olinpiada-robotikoa-eta-parkourra-rv\/\" \/>\n<meta property=\"og:locale\" content=\"eu_ES\" \/>\n<meta property=\"og:type\" content=\"article\" \/>\n<meta property=\"og:title\" content=\"ROBOTIKA eta ERREALITATE BIRTUALA. Udako Tailer Teknologikoa AZPEITIAN\" \/>\n<meta property=\"og:description\" content=\"Udaleku teknologikoak AZPEITIAn haur eta gazteentzat. MINECRAFT, Bideojokoen Programazioa eta Garapena.\" \/>\n<meta property=\"og:url\" content=\"https:\/\/doplay.es\/eu\/producto\/olinpiada-robotikoa-eta-parkourra-rv\/\" \/>\n<meta property=\"og:site_name\" content=\"DOPLAY\" \/>\n<meta property=\"article:modified_time\" content=\"2025-05-26T14:24:01+00:00\" \/>\n<meta property=\"og:image\" content=\"https:\/\/doplay.es\/wp-content\/uploads\/2025\/05\/PARKOUR-RV.jpg\" \/>\n\t<meta property=\"og:image:width\" content=\"1280\" \/>\n\t<meta property=\"og:image:height\" content=\"720\" \/>\n\t<meta property=\"og:image:type\" content=\"image\/jpeg\" \/>\n<meta name=\"twitter:card\" content=\"summary_large_image\" \/>\n<meta name=\"twitter:label1\" content=\"Est. reading time\" \/>\n\t<meta name=\"twitter:data1\" content=\"2 minutes\" \/>\n<script type=\"application\/ld+json\" class=\"yoast-schema-graph\">{\"@context\":\"https:\\\/\\\/schema.org\",\"@graph\":[{\"@type\":\"WebPage\",\"@id\":\"https:\\\/\\\/doplay.es\\\/eu\\\/producto\\\/olinpiada-robotikoa-eta-parkourra-rv\\\/\",\"url\":\"https:\\\/\\\/doplay.es\\\/eu\\\/producto\\\/olinpiada-robotikoa-eta-parkourra-rv\\\/\",\"name\":\"ROBOTIKA eta ERREALITATE BIRTUALA. Udako Tailer Teknologikoa AZPEITIAN\",\"isPartOf\":{\"@id\":\"https:\\\/\\\/doplay.es\\\/#website\"},\"primaryImageOfPage\":{\"@id\":\"https:\\\/\\\/doplay.es\\\/eu\\\/producto\\\/olinpiada-robotikoa-eta-parkourra-rv\\\/#primaryimage\"},\"image\":{\"@id\":\"https:\\\/\\\/doplay.es\\\/eu\\\/producto\\\/olinpiada-robotikoa-eta-parkourra-rv\\\/#primaryimage\"},\"thumbnailUrl\":\"https:\\\/\\\/doplay.es\\\/wp-content\\\/uploads\\\/2025\\\/05\\\/PARKOUR-RV.jpg\",\"datePublished\":\"2025-05-13T14:05:03+00:00\",\"dateModified\":\"2025-05-26T14:24:01+00:00\",\"description\":\"Udaleku teknologikoak AZPEITIAn haur eta gazteentzat. MINECRAFT, Bideojokoen Programazioa eta Garapena.\",\"breadcrumb\":{\"@id\":\"https:\\\/\\\/doplay.es\\\/eu\\\/producto\\\/olinpiada-robotikoa-eta-parkourra-rv\\\/#breadcrumb\"},\"inLanguage\":\"eu-ES\",\"potentialAction\":[{\"@type\":\"ReadAction\",\"target\":[\"https:\\\/\\\/doplay.es\\\/eu\\\/producto\\\/olinpiada-robotikoa-eta-parkourra-rv\\\/\"]}]},{\"@type\":\"ImageObject\",\"inLanguage\":\"eu-ES\",\"@id\":\"https:\\\/\\\/doplay.es\\\/eu\\\/producto\\\/olinpiada-robotikoa-eta-parkourra-rv\\\/#primaryimage\",\"url\":\"https:\\\/\\\/doplay.es\\\/wp-content\\\/uploads\\\/2025\\\/05\\\/PARKOUR-RV.jpg\",\"contentUrl\":\"https:\\\/\\\/doplay.es\\\/wp-content\\\/uploads\\\/2025\\\/05\\\/PARKOUR-RV.jpg\",\"width\":1280,\"height\":720},{\"@type\":\"BreadcrumbList\",\"@id\":\"https:\\\/\\\/doplay.es\\\/eu\\\/producto\\\/olinpiada-robotikoa-eta-parkourra-rv\\\/#breadcrumb\",\"itemListElement\":[{\"@type\":\"ListItem\",\"position\":1,\"name\":\"Portada\",\"item\":\"https:\\\/\\\/doplay.es\\\/eu\\\/\"},{\"@type\":\"ListItem\",\"position\":2,\"name\":\"Shop\",\"item\":\"https:\\\/\\\/doplay.es\\\/eu\\\/shop\\\/\"},{\"@type\":\"ListItem\",\"position\":3,\"name\":\"OLINPIADA ROBOTIKOA ETA PARKOURRA RV\"}]},{\"@type\":\"WebSite\",\"@id\":\"https:\\\/\\\/doplay.es\\\/#website\",\"url\":\"https:\\\/\\\/doplay.es\\\/\",\"name\":\"DOPLAY\",\"description\":\"Aprender haciendo\",\"alternateName\":\"Talleres Rob\u00f3tica\",\"potentialAction\":[{\"@type\":\"SearchAction\",\"target\":{\"@type\":\"EntryPoint\",\"urlTemplate\":\"https:\\\/\\\/doplay.es\\\/?s={search_term_string}\"},\"query-input\":{\"@type\":\"PropertyValueSpecification\",\"valueRequired\":true,\"valueName\":\"search_term_string\"}}],\"inLanguage\":\"eu-ES\"}]}<\/script>\n<!-- \/ Yoast SEO plugin. -->","yoast_head_json":{"title":"ROBOTIKA eta ERREALITATE BIRTUALA. Udako Tailer Teknologikoa AZPEITIAN","description":"Udaleku teknologikoak AZPEITIAn haur eta gazteentzat. MINECRAFT, Bideojokoen Programazioa eta Garapena.","robots":{"index":"index","follow":"follow","max-snippet":"max-snippet:-1","max-image-preview":"max-image-preview:large","max-video-preview":"max-video-preview:-1"},"canonical":"https:\/\/doplay.es\/eu\/producto\/olinpiada-robotikoa-eta-parkourra-rv\/","og_locale":"eu_ES","og_type":"article","og_title":"ROBOTIKA eta ERREALITATE BIRTUALA. Udako Tailer Teknologikoa AZPEITIAN","og_description":"Udaleku teknologikoak AZPEITIAn haur eta gazteentzat. MINECRAFT, Bideojokoen Programazioa eta Garapena.","og_url":"https:\/\/doplay.es\/eu\/producto\/olinpiada-robotikoa-eta-parkourra-rv\/","og_site_name":"DOPLAY","article_modified_time":"2025-05-26T14:24:01+00:00","og_image":[{"width":1280,"height":720,"url":"https:\/\/doplay.es\/wp-content\/uploads\/2025\/05\/PARKOUR-RV.jpg","type":"image\/jpeg"}],"twitter_card":"summary_large_image","twitter_misc":{"Est. reading time":"2 minutes"},"schema":{"@context":"https:\/\/schema.org","@graph":[{"@type":"WebPage","@id":"https:\/\/doplay.es\/eu\/producto\/olinpiada-robotikoa-eta-parkourra-rv\/","url":"https:\/\/doplay.es\/eu\/producto\/olinpiada-robotikoa-eta-parkourra-rv\/","name":"ROBOTIKA eta ERREALITATE BIRTUALA. Udako Tailer Teknologikoa AZPEITIAN","isPartOf":{"@id":"https:\/\/doplay.es\/#website"},"primaryImageOfPage":{"@id":"https:\/\/doplay.es\/eu\/producto\/olinpiada-robotikoa-eta-parkourra-rv\/#primaryimage"},"image":{"@id":"https:\/\/doplay.es\/eu\/producto\/olinpiada-robotikoa-eta-parkourra-rv\/#primaryimage"},"thumbnailUrl":"https:\/\/doplay.es\/wp-content\/uploads\/2025\/05\/PARKOUR-RV.jpg","datePublished":"2025-05-13T14:05:03+00:00","dateModified":"2025-05-26T14:24:01+00:00","description":"Udaleku teknologikoak AZPEITIAn haur eta gazteentzat. MINECRAFT, Bideojokoen Programazioa eta Garapena.","breadcrumb":{"@id":"https:\/\/doplay.es\/eu\/producto\/olinpiada-robotikoa-eta-parkourra-rv\/#breadcrumb"},"inLanguage":"eu-ES","potentialAction":[{"@type":"ReadAction","target":["https:\/\/doplay.es\/eu\/producto\/olinpiada-robotikoa-eta-parkourra-rv\/"]}]},{"@type":"ImageObject","inLanguage":"eu-ES","@id":"https:\/\/doplay.es\/eu\/producto\/olinpiada-robotikoa-eta-parkourra-rv\/#primaryimage","url":"https:\/\/doplay.es\/wp-content\/uploads\/2025\/05\/PARKOUR-RV.jpg","contentUrl":"https:\/\/doplay.es\/wp-content\/uploads\/2025\/05\/PARKOUR-RV.jpg","width":1280,"height":720},{"@type":"BreadcrumbList","@id":"https:\/\/doplay.es\/eu\/producto\/olinpiada-robotikoa-eta-parkourra-rv\/#breadcrumb","itemListElement":[{"@type":"ListItem","position":1,"name":"Portada","item":"https:\/\/doplay.es\/eu\/"},{"@type":"ListItem","position":2,"name":"Shop","item":"https:\/\/doplay.es\/eu\/shop\/"},{"@type":"ListItem","position":3,"name":"OLINPIADA ROBOTIKOA ETA PARKOURRA RV"}]},{"@type":"WebSite","@id":"https:\/\/doplay.es\/#website","url":"https:\/\/doplay.es\/","name":"DOPLAY","description":"Aprender haciendo","alternateName":"Talleres Rob\u00f3tica","potentialAction":[{"@type":"SearchAction","target":{"@type":"EntryPoint","urlTemplate":"https:\/\/doplay.es\/?s={search_term_string}"},"query-input":{"@type":"PropertyValueSpecification","valueRequired":true,"valueName":"search_term_string"}}],"inLanguage":"eu-ES"}]}},"_links":{"self":[{"href":"https:\/\/doplay.es\/eu\/wp-json\/wp\/v2\/product\/20013","targetHints":{"allow":["GET"]}}],"collection":[{"href":"https:\/\/doplay.es\/eu\/wp-json\/wp\/v2\/product"}],"about":[{"href":"https:\/\/doplay.es\/eu\/wp-json\/wp\/v2\/types\/product"}],"wp:featuredmedia":[{"embeddable":true,"href":"https:\/\/doplay.es\/eu\/wp-json\/wp\/v2\/media\/19999"}],"wp:attachment":[{"href":"https:\/\/doplay.es\/eu\/wp-json\/wp\/v2\/media?parent=20013"}],"wp:term":[{"taxonomy":"product_brand","embeddable":true,"href":"https:\/\/doplay.es\/eu\/wp-json\/wp\/v2\/product_brand?post=20013"},{"taxonomy":"product_cat","embeddable":true,"href":"https:\/\/doplay.es\/eu\/wp-json\/wp\/v2\/product_cat?post=20013"},{"taxonomy":"product_tag","embeddable":true,"href":"https:\/\/doplay.es\/eu\/wp-json\/wp\/v2\/product_tag?post=20013"}],"curies":[{"name":"wp","href":"https:\/\/api.w.org\/{rel}","templated":true}]}}