{"id":20502,"date":"2026-03-04T20:09:11","date_gmt":"2026-03-04T19:09:11","guid":{"rendered":"https:\/\/doplay.es\/producto\/berotegia-proiektu-zientifikoa\/"},"modified":"2026-03-06T09:22:32","modified_gmt":"2026-03-06T08:22:32","slug":"berotegia-proiektu-zientifikoa","status":"publish","type":"product","link":"https:\/\/doplay.es\/eu\/producto\/berotegia-proiektu-zientifikoa\/","title":{"rendered":"BEROTEGIA. PROIEKTU ZIENTIFIKOA"},"content":{"rendered":"<div class=\"wpb-content-wrapper\"><p>[vc_row][vc_column][vc_column_text css=&#8221;&#8221;]<\/p>\n<div class=\"page\" title=\"Page 1\">\n<h3 class=\"section\"><span style=\"color: #0000ff;\"><img loading=\"lazy\" decoding=\"async\" class=\"alignnone size-full wp-image-20435\" src=\"https:\/\/doplay.es\/wp-content\/uploads\/2026\/03\/CULTIVO-HIDROPONICO.jpg\" alt=\"\" width=\"1500\" height=\"1500\" srcset=\"https:\/\/doplay.es\/wp-content\/uploads\/2026\/03\/CULTIVO-HIDROPONICO.jpg 1500w, https:\/\/doplay.es\/wp-content\/uploads\/2026\/03\/CULTIVO-HIDROPONICO-300x300.jpg 300w, https:\/\/doplay.es\/wp-content\/uploads\/2026\/03\/CULTIVO-HIDROPONICO-1024x1024.jpg 1024w, https:\/\/doplay.es\/wp-content\/uploads\/2026\/03\/CULTIVO-HIDROPONICO-150x150.jpg 150w, https:\/\/doplay.es\/wp-content\/uploads\/2026\/03\/CULTIVO-HIDROPONICO-768x768.jpg 768w, https:\/\/doplay.es\/wp-content\/uploads\/2026\/03\/CULTIVO-HIDROPONICO-75x75.jpg 75w, https:\/\/doplay.es\/wp-content\/uploads\/2026\/03\/CULTIVO-HIDROPONICO-129x129.jpg 129w, https:\/\/doplay.es\/wp-content\/uploads\/2026\/03\/CULTIVO-HIDROPONICO-69x69.jpg 69w, https:\/\/doplay.es\/wp-content\/uploads\/2026\/03\/CULTIVO-HIDROPONICO-600x600.jpg 600w, https:\/\/doplay.es\/wp-content\/uploads\/2026\/03\/CULTIVO-HIDROPONICO-100x100.jpg 100w\" sizes=\"auto, (max-width: 1500px) 100vw, 1500px\" \/><\/span><\/h3>\n<h3><\/h3>\n<h3 class=\"section\"><span style=\"color: #0000ff;\">TAILER HONETAN JARRAITUKO DUGUN PROZESUA:<\/span><\/h3>\n<p>&nbsp;<\/p>\n<\/div>\n<div class=\"page\" title=\"Page 3\">\n<div class=\"section\">\n<div class=\"layoutArea\">\n<div class=\"column\">\n<div class=\"page\" title=\"Page 1\">\n<div class=\"section\">\n<ol>\n<li>\n<h4>Ernetze tradizionala eta hidroponikoa zer diren <strong><span style=\"color: #008000;\">CHATGPT BIDEZ IKERTZEA.<\/span><\/strong> Bilaketa eta hausnarketa prozesu honen amaieran, besteak beste, hazi batek ernetzeko zer behar duen ulertu behar dugu: ura, oxigenoa eta tenperatura egokia. Argia ez da beharrezkoa ernetzeko, baina bai ondoren hazteko. Era berean, planteatutako bi inguruneetan (laborantza tradizionala vs. hidroponikoa) aldagai desberdinek duten eragina ulertu behar dugu.    <i>Zein haziko dira azkarrago? Zeintzuk izango dituzte sustrai luzeagoak? <\/i><\/h4>\n<\/li>\n<li>\n<h4><span style=\"color: #008000;\"><strong>EKIN LANARI. HAINBAT HAZI LANDATZEA <\/strong><\/span> bi tekniken bidez. Guztion artean aukeratu beharreko hainbat aldagai eta aukera proposatuko ditugu, konbinazio guztiak ez dira beti posible izango.  <\/h4>\n<h4>Hazia. Ernetze eta hazkunde azkarreko hazien artean aukeratzea. Errefaua (3-5 egunetan ernetzen da). Letxuga (azkarra eta egokia hidroponiarako). Dilista (ernetzeko aproposa). Babarrunak edo garbantzuak (hazkunde nabarmena). Albahaka\u2026      <\/h4>\n<h4>Substratuak eta lurrak. Proposatutako aukeren artean aukeratzea. Landareek, guk bezala elikagaiak behar dituzte eta elikagai hauek hiru osagai nagusik osatzen dituzte: Nitrogenoa: hosto berdeak ateratzen laguntzen du. Fosforoa: sustrai sendoak hazten laguntzen du. Potasioa: landarea osasuntsu egoten laguntzen du. Ongarriarekin eta ongarririk gabe probatzea, eguneroko neurketak egitea.      <\/h4>\n<\/li>\n<li>\n<h4><span style=\"color: #008000;\"><strong>INGURUNEAREN OPTIMIZAZIOA.<\/strong><\/span> Sentsoreak, LEDak, elektronika, kontrolagailuak eta softwarea erabiliz gure berotegiak programatuko ditugu. Gutxienez parametro hauek kontrolatu beharko dira: tenperatura, hezetasuna, argiztapena eta baita parte-hartzaileek aukeratuko dituzten beste baldintza, parametro edo aldagai batzuk ere. <\/h4>\n<h4>Hazien ernetze eta hazkunde prozesu osoa jarraituko dugu, modu automatizatuan eta eskuz. Prozesuan zehar egoki iruditzen zaizkigun aldaketak egin eta kausak eta ondorioak aztertuko ditugu, egoera desberdinetan gertatzen dena arrazoitzen saiatuz.  <\/h4>\n<\/li>\n<li>\n<h4><strong>PROIEKTUAREN SIMULAZIOA ERREALITATE AREAGOTUAN<\/strong> eta Errealitate Birtualeko betaurrekoetarako. Ernetze prozesuak aurrera egiten duen bitartean, eta prozesuan zehar gertatzen den guztia, aldatzen ditugun parametroak eta egiten ditugun <\/h4>\n<\/li>\n<\/ol>\n<\/div>\n<\/div>\n<\/div>\n<\/div>\n<\/div>\n<\/div>\n<p>[\/vc_column_text][\/vc_column][\/vc_row]<\/p>\n<\/div>","protected":false},"excerpt":{"rendered":"<h2><span style=\"color: #008000;\"><strong>BEROTEGIA. PROIEKTU ZIENTIFIKOA <\/strong><\/span><\/h2>\n<h4>DONOSTIA \u2013 EKINN ERAIKINA (DONOSTIA SUSTAPENA)<\/h4>\n<h4>Apirilaren 7tik 10era, 9:00etatik 13:30etara (8-14 URTE)<\/h4>\n<h4><strong><span style=\"color: #0000ff;\">Hasieratik amaierara arte proiektu zientifiko baten simulazioa egingo dugu bere osotasunean. Laborantza tradizionala eta hidroponikoa alderatuko ditugu. Zientzialari bihurtuko gara jardunaldi batzuetarako eta nekazaritza-elikadura arloko erabakiak hartu behar dituztenei laguntzeko azterketa bat aurkeztea izango da gure helburua, bi laborantza-ereduen abantailak eta desabantailak azalduz.  <\/span><\/strong><\/h4>\n","protected":false},"featured_media":20444,"template":"","meta":[],"product_brand":[],"product_cat":[738],"product_tag":[],"class_list":{"0":"post-20502","1":"product","2":"type-product","3":"status-publish","4":"has-post-thumbnail","6":"product_cat-donostia","8":"first","9":"instock","10":"sale","11":"shipping-taxable","12":"purchasable","13":"product-type-simple"},"yoast_head":"<!-- This site is optimized with the Yoast SEO plugin v27.3 - https:\/\/yoast.com\/product\/yoast-seo-wordpress\/ -->\n<title>Taller Tecnol\u00f3gico INVERNADERO. Proyecto cient\u00edfico de Semana Santa DONOSTIA<\/title>\n<meta name=\"description\" content=\"Colonia tecnol\u00f3g\u00edca parta ni\u00f1@s de 8 a 14 a\u00f1os. Invernadero tradicional versus hidrop\u00f3nico.\" \/>\n<meta name=\"robots\" content=\"index, follow, max-snippet:-1, max-image-preview:large, max-video-preview:-1\" \/>\n<link rel=\"canonical\" href=\"https:\/\/doplay.es\/eu\/producto\/berotegia-proiektu-zientifikoa\/\" \/>\n<meta property=\"og:locale\" content=\"eu_ES\" \/>\n<meta property=\"og:type\" content=\"article\" \/>\n<meta property=\"og:title\" content=\"Taller Tecnol\u00f3gico INVERNADERO. Proyecto cient\u00edfico de Semana Santa DONOSTIA\" \/>\n<meta property=\"og:description\" content=\"Colonia tecnol\u00f3g\u00edca parta ni\u00f1@s de 8 a 14 a\u00f1os. Invernadero tradicional versus hidrop\u00f3nico.\" \/>\n<meta property=\"og:url\" content=\"https:\/\/doplay.es\/eu\/producto\/berotegia-proiektu-zientifikoa\/\" \/>\n<meta property=\"og:site_name\" content=\"DOPLAY\" \/>\n<meta property=\"article:modified_time\" content=\"2026-03-06T08:22:32+00:00\" \/>\n<meta property=\"og:image\" content=\"https:\/\/doplay.es\/wp-content\/uploads\/2026\/03\/GERMINACION-DE-SEMILLA-scaled.jpeg\" \/>\n\t<meta property=\"og:image:width\" content=\"2560\" \/>\n\t<meta property=\"og:image:height\" content=\"1193\" \/>\n\t<meta property=\"og:image:type\" content=\"image\/jpeg\" \/>\n<meta name=\"twitter:card\" content=\"summary_large_image\" \/>\n<meta name=\"twitter:label1\" content=\"Est. reading time\" \/>\n\t<meta name=\"twitter:data1\" content=\"1 minute\" \/>\n<script type=\"application\/ld+json\" class=\"yoast-schema-graph\">{\"@context\":\"https:\\\/\\\/schema.org\",\"@graph\":[{\"@type\":\"WebPage\",\"@id\":\"https:\\\/\\\/doplay.es\\\/eu\\\/producto\\\/berotegia-proiektu-zientifikoa\\\/\",\"url\":\"https:\\\/\\\/doplay.es\\\/eu\\\/producto\\\/berotegia-proiektu-zientifikoa\\\/\",\"name\":\"Taller Tecnol\u00f3gico INVERNADERO. Proyecto cient\u00edfico de Semana Santa DONOSTIA\",\"isPartOf\":{\"@id\":\"https:\\\/\\\/doplay.es\\\/#website\"},\"primaryImageOfPage\":{\"@id\":\"https:\\\/\\\/doplay.es\\\/eu\\\/producto\\\/berotegia-proiektu-zientifikoa\\\/#primaryimage\"},\"image\":{\"@id\":\"https:\\\/\\\/doplay.es\\\/eu\\\/producto\\\/berotegia-proiektu-zientifikoa\\\/#primaryimage\"},\"thumbnailUrl\":\"https:\\\/\\\/doplay.es\\\/wp-content\\\/uploads\\\/2026\\\/03\\\/GERMINACION-DE-SEMILLA-scaled.jpeg\",\"datePublished\":\"2026-03-04T19:09:11+00:00\",\"dateModified\":\"2026-03-06T08:22:32+00:00\",\"description\":\"Colonia tecnol\u00f3g\u00edca parta ni\u00f1@s de 8 a 14 a\u00f1os. Invernadero tradicional versus hidrop\u00f3nico.\",\"breadcrumb\":{\"@id\":\"https:\\\/\\\/doplay.es\\\/eu\\\/producto\\\/berotegia-proiektu-zientifikoa\\\/#breadcrumb\"},\"inLanguage\":\"eu-ES\",\"potentialAction\":[{\"@type\":\"ReadAction\",\"target\":[\"https:\\\/\\\/doplay.es\\\/eu\\\/producto\\\/berotegia-proiektu-zientifikoa\\\/\"]}]},{\"@type\":\"ImageObject\",\"inLanguage\":\"eu-ES\",\"@id\":\"https:\\\/\\\/doplay.es\\\/eu\\\/producto\\\/berotegia-proiektu-zientifikoa\\\/#primaryimage\",\"url\":\"https:\\\/\\\/doplay.es\\\/wp-content\\\/uploads\\\/2026\\\/03\\\/GERMINACION-DE-SEMILLA-scaled.jpeg\",\"contentUrl\":\"https:\\\/\\\/doplay.es\\\/wp-content\\\/uploads\\\/2026\\\/03\\\/GERMINACION-DE-SEMILLA-scaled.jpeg\",\"width\":2560,\"height\":1193,\"caption\":\"Seed growing into tree illustration\"},{\"@type\":\"BreadcrumbList\",\"@id\":\"https:\\\/\\\/doplay.es\\\/eu\\\/producto\\\/berotegia-proiektu-zientifikoa\\\/#breadcrumb\",\"itemListElement\":[{\"@type\":\"ListItem\",\"position\":1,\"name\":\"Portada\",\"item\":\"https:\\\/\\\/doplay.es\\\/eu\\\/teknologia-extraeskolarrak-steam-tailerrak\\\/\"},{\"@type\":\"ListItem\",\"position\":2,\"name\":\"Shop\",\"item\":\"https:\\\/\\\/doplay.es\\\/eu\\\/shop\\\/\"},{\"@type\":\"ListItem\",\"position\":3,\"name\":\"BEROTEGIA. PROIEKTU ZIENTIFIKOA\"}]},{\"@type\":\"WebSite\",\"@id\":\"https:\\\/\\\/doplay.es\\\/#website\",\"url\":\"https:\\\/\\\/doplay.es\\\/\",\"name\":\"DOPLAY\",\"description\":\"Aprender haciendo\",\"alternateName\":\"Talleres Rob\u00f3tica\",\"potentialAction\":[{\"@type\":\"SearchAction\",\"target\":{\"@type\":\"EntryPoint\",\"urlTemplate\":\"https:\\\/\\\/doplay.es\\\/?s={search_term_string}\"},\"query-input\":{\"@type\":\"PropertyValueSpecification\",\"valueRequired\":true,\"valueName\":\"search_term_string\"}}],\"inLanguage\":\"eu-ES\"}]}<\/script>\n<!-- \/ Yoast SEO plugin. -->","yoast_head_json":{"title":"Taller Tecnol\u00f3gico INVERNADERO. Proyecto cient\u00edfico de Semana Santa DONOSTIA","description":"Colonia tecnol\u00f3g\u00edca parta ni\u00f1@s de 8 a 14 a\u00f1os. Invernadero tradicional versus hidrop\u00f3nico.","robots":{"index":"index","follow":"follow","max-snippet":"max-snippet:-1","max-image-preview":"max-image-preview:large","max-video-preview":"max-video-preview:-1"},"canonical":"https:\/\/doplay.es\/eu\/producto\/berotegia-proiektu-zientifikoa\/","og_locale":"eu_ES","og_type":"article","og_title":"Taller Tecnol\u00f3gico INVERNADERO. Proyecto cient\u00edfico de Semana Santa DONOSTIA","og_description":"Colonia tecnol\u00f3g\u00edca parta ni\u00f1@s de 8 a 14 a\u00f1os. Invernadero tradicional versus hidrop\u00f3nico.","og_url":"https:\/\/doplay.es\/eu\/producto\/berotegia-proiektu-zientifikoa\/","og_site_name":"DOPLAY","article_modified_time":"2026-03-06T08:22:32+00:00","og_image":[{"width":2560,"height":1193,"url":"https:\/\/doplay.es\/wp-content\/uploads\/2026\/03\/GERMINACION-DE-SEMILLA-scaled.jpeg","type":"image\/jpeg"}],"twitter_card":"summary_large_image","twitter_misc":{"Est. reading time":"1 minute"},"schema":{"@context":"https:\/\/schema.org","@graph":[{"@type":"WebPage","@id":"https:\/\/doplay.es\/eu\/producto\/berotegia-proiektu-zientifikoa\/","url":"https:\/\/doplay.es\/eu\/producto\/berotegia-proiektu-zientifikoa\/","name":"Taller Tecnol\u00f3gico INVERNADERO. Proyecto cient\u00edfico de Semana Santa DONOSTIA","isPartOf":{"@id":"https:\/\/doplay.es\/#website"},"primaryImageOfPage":{"@id":"https:\/\/doplay.es\/eu\/producto\/berotegia-proiektu-zientifikoa\/#primaryimage"},"image":{"@id":"https:\/\/doplay.es\/eu\/producto\/berotegia-proiektu-zientifikoa\/#primaryimage"},"thumbnailUrl":"https:\/\/doplay.es\/wp-content\/uploads\/2026\/03\/GERMINACION-DE-SEMILLA-scaled.jpeg","datePublished":"2026-03-04T19:09:11+00:00","dateModified":"2026-03-06T08:22:32+00:00","description":"Colonia tecnol\u00f3g\u00edca parta ni\u00f1@s de 8 a 14 a\u00f1os. Invernadero tradicional versus hidrop\u00f3nico.","breadcrumb":{"@id":"https:\/\/doplay.es\/eu\/producto\/berotegia-proiektu-zientifikoa\/#breadcrumb"},"inLanguage":"eu-ES","potentialAction":[{"@type":"ReadAction","target":["https:\/\/doplay.es\/eu\/producto\/berotegia-proiektu-zientifikoa\/"]}]},{"@type":"ImageObject","inLanguage":"eu-ES","@id":"https:\/\/doplay.es\/eu\/producto\/berotegia-proiektu-zientifikoa\/#primaryimage","url":"https:\/\/doplay.es\/wp-content\/uploads\/2026\/03\/GERMINACION-DE-SEMILLA-scaled.jpeg","contentUrl":"https:\/\/doplay.es\/wp-content\/uploads\/2026\/03\/GERMINACION-DE-SEMILLA-scaled.jpeg","width":2560,"height":1193,"caption":"Seed growing into tree illustration"},{"@type":"BreadcrumbList","@id":"https:\/\/doplay.es\/eu\/producto\/berotegia-proiektu-zientifikoa\/#breadcrumb","itemListElement":[{"@type":"ListItem","position":1,"name":"Portada","item":"https:\/\/doplay.es\/eu\/teknologia-extraeskolarrak-steam-tailerrak\/"},{"@type":"ListItem","position":2,"name":"Shop","item":"https:\/\/doplay.es\/eu\/shop\/"},{"@type":"ListItem","position":3,"name":"BEROTEGIA. PROIEKTU ZIENTIFIKOA"}]},{"@type":"WebSite","@id":"https:\/\/doplay.es\/#website","url":"https:\/\/doplay.es\/","name":"DOPLAY","description":"Aprender haciendo","alternateName":"Talleres Rob\u00f3tica","potentialAction":[{"@type":"SearchAction","target":{"@type":"EntryPoint","urlTemplate":"https:\/\/doplay.es\/?s={search_term_string}"},"query-input":{"@type":"PropertyValueSpecification","valueRequired":true,"valueName":"search_term_string"}}],"inLanguage":"eu-ES"}]}},"_links":{"self":[{"href":"https:\/\/doplay.es\/eu\/wp-json\/wp\/v2\/product\/20502","targetHints":{"allow":["GET"]}}],"collection":[{"href":"https:\/\/doplay.es\/eu\/wp-json\/wp\/v2\/product"}],"about":[{"href":"https:\/\/doplay.es\/eu\/wp-json\/wp\/v2\/types\/product"}],"wp:featuredmedia":[{"embeddable":true,"href":"https:\/\/doplay.es\/eu\/wp-json\/wp\/v2\/media\/20444"}],"wp:attachment":[{"href":"https:\/\/doplay.es\/eu\/wp-json\/wp\/v2\/media?parent=20502"}],"wp:term":[{"taxonomy":"product_brand","embeddable":true,"href":"https:\/\/doplay.es\/eu\/wp-json\/wp\/v2\/product_brand?post=20502"},{"taxonomy":"product_cat","embeddable":true,"href":"https:\/\/doplay.es\/eu\/wp-json\/wp\/v2\/product_cat?post=20502"},{"taxonomy":"product_tag","embeddable":true,"href":"https:\/\/doplay.es\/eu\/wp-json\/wp\/v2\/product_tag?post=20502"}],"curies":[{"name":"wp","href":"https:\/\/api.w.org\/{rel}","templated":true}]}}